{"id":954,"date":"2016-07-15T14:19:56","date_gmt":"2016-07-15T14:19:56","guid":{"rendered":"http:\/\/test.kriesi.at\/enfold-medical\/?page_id=954"},"modified":"2022-11-04T05:41:52","modified_gmt":"2022-11-04T04:41:52","slug":"kontakt","status":"publish","type":"page","link":"https:\/\/renta-hv.net\/cms-2017\/kontakt\/","title":{"rendered":"Kontakt"},"content":{"rendered":"<\/div><\/div><\/div><!-- close content main div --><\/div><\/div><div id='av-layout-grid-1' class='av-layout-grid-container entry-content-wrapper main_color av-fixed-cells    container_wrap sidebar_right'   >\n<div class=\"flex_cell no_margin av_one_half   \" style='vertical-align:top; padding:9px 0px 0px 0px ; background-color:#9f2134; '><div class='flex_cell_inner' ><\/div><\/div><div class=\"flex_cell no_margin av_one_half   \" style='vertical-align:top; padding:9px 0px 0px 0px ; background-color:#9f2134; '><div class='flex_cell_inner' ><\/div><\/div>\n<\/div>\n<\/div><\/div><\/div><!-- close content main div --><\/div><\/div><div id='av_section_1' class='avia-section main_color avia-section-huge avia-no-border-styling avia-bg-style-scroll   container_wrap sidebar_right'   ><div class='container' ><div class='template-page content  av-content-small alpha units'><div class='post-entry post-entry-type-page post-entry-954'><div class='entry-content-wrapper clearfix'>\n<div class='flex_column_table av-equal-height-column-flextable -flextable' style='margin-top:-200px; margin-bottom:0px; '><div class=\"flex_column av_one_half  flex_column_table_cell av-equal-height-column av-align-top first  \" style='padding:40px; background-color:#9f2134; border-radius:0px; '><p><span class=\"av_font_icon avia_animate_when_visible  av-icon-style-  avia-icon-pos-center \" style=\"color:#ffffff; border-color:#ffffff;\"><span class='av-icon-char' style='font-size:60px;line-height:60px;' aria-hidden='true' data-av_icon='\ue851' data-av_iconfont='entypo-fontello' ><\/span><\/span><br \/>\n<div style='height:20px' class='hr hr-invisible  '><span class='hr-inner ' ><span class='hr-inner-style'><\/span><\/span><\/div><br \/>\n<section class=\"av_textblock_section \"  itemscope=\"itemscope\" itemtype=\"https:\/\/schema.org\/CreativeWork\" ><div class='avia_textblock  av_inherit_color '  style='color:#ffffff; '  itemprop=\"text\" ><h4 style=\"text-align: center;\">VERMIETUNG<\/h4>\n<p style=\"text-align: center;\">Wohnung, Praxis, B\u00fcro<br \/>\noder Gewerbefl\u00e4chen gesucht?<\/p>\n<p style=\"text-align: center;\">Dann rufen Sie uns<br \/>\nunter der Nummer<br \/>\n<strong>03344\/33599-33<\/strong> an!<\/p>\n<\/div><\/section><br \/>\n<div style='height:8px' class='hr hr-invisible  '><span class='hr-inner ' ><span class='hr-inner-style'><\/span><\/span><\/div><\/p><\/div><\/div><!--close column table wrapper. Autoclose: 1 --><div class='flex_column_table av-equal-height-column-flextable -flextable' style='margin-top:-200px; margin-bottom:0px; '><div class='av-flex-placeholder'><\/div><div class=\"flex_column av_one_half  flex_column_table_cell av-equal-height-column av-align-top   \" style='padding:40px; background-color:#9f2134; border-radius:0px; '><p><span class=\"av_font_icon avia_animate_when_visible  av-icon-style-  avia-icon-pos-center \" style=\"color:#ffffff; border-color:#ffffff;\"><span class='av-icon-char' style='font-size:60px;line-height:60px;' aria-hidden='true' data-av_icon='\ue850' data-av_iconfont='entypo-fontello' ><\/span><\/span><br \/>\n<div style='height:20px' class='hr hr-invisible  '><span class='hr-inner ' ><span class='hr-inner-style'><\/span><\/span><\/div><br \/>\n<section class=\"av_textblock_section \"  itemscope=\"itemscope\" itemtype=\"https:\/\/schema.org\/CreativeWork\" ><div class='avia_textblock  av_inherit_color '  style='color:#ffffff; '  itemprop=\"text\" ><h4 style=\"text-align: center;\">Ihre Verwalteranfrage<\/h4>\n<p style=\"text-align: center;\"><strong>RENTAservice Hausverwaltung<\/strong><br \/>\nBerliner Stra\u00dfe 1<br \/>\n16259 Bad Freienwalde<\/p>\n<p style=\"text-align: center;\">Tel.: (0 33 44) 3 35 99 00<br \/>\nFax: (0 33 44)\u00a03 35 99 49<br \/>\n<a href=\"mailto:hv@renta.de\">hv@renta.de<\/a><\/p>\n<\/div><\/section><br \/>\n<div style='height:8px' class='hr hr-invisible  '><span class='hr-inner ' ><span class='hr-inner-style'><\/span><\/span><\/div><\/p><\/div><\/div><!--close column table wrapper. Autoclose: 1 --><div class=\"flex_column av_one_half  av-animated-generic bottom-to-top  flex_column_div av-zero-column-padding first  \" style='border-radius:0px; '><p><div style='padding-bottom:20px;font-size:34px;' class='av-special-heading av-special-heading-h3  blockquote modern-quote   av-inherit-size '><h3 class='av-special-heading-tag '  itemprop=\"headline\"  >Ihre Ansprechpartner bei RENTA Hausverwaltung<\/h3><div class='special-heading-border'><div class='special-heading-inner-border' ><\/div><\/div><\/div><br \/>\n<section class=\"av_textblock_section \"  itemscope=\"itemscope\" itemtype=\"https:\/\/schema.org\/CreativeWork\" ><div class='avia_textblock  av_inherit_color '  style='color:#ffffff; '  itemprop=\"text\" ><h4 style=\"text-align: center;\">Ihre Verwalteranfrage<\/h4>\n<p style=\"text-align: center;\"><strong>RENTAervice Hausverwaltung<\/strong><br \/>\nBerliner Stra\u00dfe 1<br \/>\n16259 Bad Freienwalde<\/p>\n<p style=\"text-align: center;\">Tel.: (0 33 44) 3 35 99 00<br \/>\nFax: (0 33 44)\u00a03 35 99 49<br \/>\n<a href=\"mailto:hv@renta.de\">hv@renta.de<\/a><\/p>\n<\/div><\/section><\/p><\/div><div class=\"flex_column av_one_half  av-animated-generic bottom-to-top  flex_column_div av-zero-column-padding   \" style='border-radius:0px; '><p><div style='padding-bottom:20px;font-size:34px;' class='av-special-heading av-special-heading-h3  blockquote modern-quote   av-inherit-size '><h3 class='av-special-heading-tag '  itemprop=\"headline\"  >Sie sind Mieter bei uns oder interessieren sich f\u00fcr eine Wohnung?<\/h3><div class='special-heading-border'><div class='special-heading-inner-border' ><\/div><\/div><\/div><br \/>\n<section class=\"av_textblock_section \"  itemscope=\"itemscope\" itemtype=\"https:\/\/schema.org\/CreativeWork\" ><div class='avia_textblock  '   itemprop=\"text\" ><p style=\"text-align: justify;\">Je nach Lage der Objekte gibt es unterschiedliche Ansprechpartner f\u00fcr Ihre Anfrage. Bitte schauen Sie unter <a title=\"zu den Standorten der RENTA AG Hausverwaltung\" href=\"https:\/\/renta-hv.net\/cms-2017\/standorte\/\">Standorte<\/a> nach der \u00f6rtlichen Hausverwaltung, die f\u00fcr die Betreuung zust\u00e4ndig ist.<\/p>\n<p style=\"text-align: justify;\">Wichtig f\u00fcr Wohnungsabnahmen\/-\u00fcbergaben: Bitte setzen Sie sich m\u00f6glichst schon zwei\u00a0Wochen vorher mit uns in Verbindung.<\/p>\n<p style=\"text-align: justify;\">Eine Checkliste der Unterlagen, die wir f\u00fcr Ihre Wohnungsbewerbung ben\u00f6tigen, finden Sie im <a title=\"Unterlagen f\u00fcr die Wohnungsbewerbung\" href=\"https:\/\/renta-hv.net\/cms-2017\/download\/\">Servicebereich<\/a>.<\/p>\n<\/div><\/section><br \/>\n<div  class='hr hr-default  '><span class='hr-inner ' ><span class='hr-inner-style'><\/span><\/span><\/div><br \/>\n<section class=\"av_textblock_section \"  itemscope=\"itemscope\" itemtype=\"https:\/\/schema.org\/CreativeWork\" ><div class='avia_textblock  '   itemprop=\"text\" ><div class=\"art-postcontent\">\n<div class=\"art-article\">\n<h4>Notf\u00e4lle &amp; Havarien<\/h4>\n<p style=\"text-align: justify;\">F\u00fcr Notsituationen, die auch mit Mieterselbsthilfe nicht bis zum n\u00e4chsten Werktag \u00fcberbr\u00fcckt werden k\u00f6nnen, haben wir Notrufnummern eingerichtet. Die Telefonnummern der f\u00fcr Ihr Haus zust\u00e4ndigen Gewerke bzw. des Bereitschaftsdiensts (au\u00dferhalb der \u00fcblichen Arbeitszeiten) entnehmen Sie bitte der im Hausflur angebrachten Infotafel.<\/p>\n<\/div>\n<\/div>\n<\/div><\/section><\/p><\/div>\n<\/div><\/div><\/div><!-- close content main div --><\/div><\/div><div id='after_section_1' class='main_color av_default_container_wrap container_wrap sidebar_right'   ><div class='container' ><div class='template-page content  av-content-small alpha units'><div class='post-entry post-entry-type-page post-entry-954'><div class='entry-content-wrapper clearfix'>\n","protected":false},"excerpt":{"rendered":"","protected":false},"author":1,"featured_media":0,"parent":0,"menu_order":0,"comment_status":"closed","ping_status":"closed","template":"","meta":[],"_links":{"self":[{"href":"https:\/\/renta-hv.net\/cms-2017\/wp-json\/wp\/v2\/pages\/954"}],"collection":[{"href":"https:\/\/renta-hv.net\/cms-2017\/wp-json\/wp\/v2\/pages"}],"about":[{"href":"https:\/\/renta-hv.net\/cms-2017\/wp-json\/wp\/v2\/types\/page"}],"author":[{"embeddable":true,"href":"https:\/\/renta-hv.net\/cms-2017\/wp-json\/wp\/v2\/users\/1"}],"replies":[{"embeddable":true,"href":"https:\/\/renta-hv.net\/cms-2017\/wp-json\/wp\/v2\/comments?post=954"}],"version-history":[{"count":10,"href":"https:\/\/renta-hv.net\/cms-2017\/wp-json\/wp\/v2\/pages\/954\/revisions"}],"predecessor-version":[{"id":1616,"href":"https:\/\/renta-hv.net\/cms-2017\/wp-json\/wp\/v2\/pages\/954\/revisions\/1616"}],"wp:attachment":[{"href":"https:\/\/renta-hv.net\/cms-2017\/wp-json\/wp\/v2\/media?parent=954"}],"curies":[{"name":"wp","href":"https:\/\/api.w.org\/{rel}","templated":true}]}}