{"id":1378,"date":"2017-11-16T15:13:40","date_gmt":"2017-11-16T14:13:40","guid":{"rendered":"https:\/\/renta-hv.net\/cms-2017\/?page_id=1378"},"modified":"2023-06-06T13:16:20","modified_gmt":"2023-06-06T11:16:20","slug":"referenzen","status":"publish","type":"page","link":"https:\/\/renta-hv.net\/cms-2017\/referenzen\/","title":{"rendered":"Referenzen"},"content":{"rendered":"<\/div><\/div><\/div><!-- close content main div --><\/div><\/div><div id='full_slider_1' class='avia-fullwidth-slider main_color avia-shadow   container_wrap sidebar_right'   ><div  data-size='extra_large'  data-lightbox_size='large'  data-animation='fade'  data-ids='1310,1376,1380,1382,1306'  data-video_counter='0'  data-autoplay='true'  data-bg_slider='false'  data-slide_height=''  data-handle='av_slideshow_full'  data-interval='6'  data-class=' '  data-css_id=''  data-scroll_down=''  data-control_layout='av-control-minimal'  data-custom_markup=''  data-perma_caption=''  data-autoplay_stopper=''  data-image_attachment=''  data-min_height='0px'  data-src=''  data-position='top left'  data-repeat='no-repeat'  data-attach='scroll'  data-stretch=''  data-default-height='100'  class='avia-slideshow avia-slideshow-1  av-control-minimal av-default-height-applied avia-slideshow-extra_large av_slideshow_full   avia-fade-slider '  itemscope=\"itemscope\" itemtype=\"https:\/\/schema.org\/ImageObject\" ><ul class='avia-slideshow-inner' style='padding-bottom: 25.78125%;'><li  class=' slide-1 ' ><div data-rel='slideshow-1' class='avia-slide-wrap'  ><img src='https:\/\/renta-hv.net\/cms-2017\/wp-content\/uploads\/2017\/11\/202_zweite.jpg' width='768' height='198' title='202_zweite' alt=''  itemprop=\"thumbnailUrl\"   \/><\/div><\/li><li  class=' slide-2 ' ><div data-rel='slideshow-1' class='avia-slide-wrap'  ><img src='https:\/\/renta-hv.net\/cms-2017\/wp-content\/uploads\/2016\/02\/701_zweite.jpg' width='768' height='198' title='701_zweite' alt=''  itemprop=\"thumbnailUrl\"   \/><\/div><\/li><li  class=' slide-3 ' ><div data-rel='slideshow-1' class='avia-slide-wrap'  ><img src='https:\/\/renta-hv.net\/cms-2017\/wp-content\/uploads\/2017\/11\/bfw_blnstr99.jpg' width='790' height='205' title='bfw_blnstr99' alt=''  itemprop=\"thumbnailUrl\"   \/><\/div><\/li><li  class=' slide-4 ' ><div data-rel='slideshow-1' class='avia-slide-wrap'  ><img src='https:\/\/renta-hv.net\/cms-2017\/wp-content\/uploads\/2017\/11\/bfw_waldstadt_1.jpg' width='790' height='205' title='bfw_waldstadt_1' alt=''  itemprop=\"thumbnailUrl\"   \/><\/div><\/li><li  class=' slide-5 ' ><div data-rel='slideshow-1' class='avia-slide-wrap'  ><img src='https:\/\/renta-hv.net\/cms-2017\/wp-content\/uploads\/2017\/11\/501_zweite.jpg' width='768' height='198' title='501_zweite' alt=''  itemprop=\"thumbnailUrl\"   \/><\/div><\/li><\/ul><div class='avia-slideshow-arrows avia-slideshow-controls'><a href='#prev' class='prev-slide' aria-hidden='true' data-av_icon='\ue87c' data-av_iconfont='entypo-fontello'>Zur\u00fcck<\/a><a href='#next' class='next-slide' aria-hidden='true' data-av_icon='\ue87d' data-av_iconfont='entypo-fontello'>Weiter<\/a><\/div><div class='avia-slideshow-dots avia-slideshow-controls'><a href='#1' class='goto-slide active' >1<\/a><a href='#2' class='goto-slide ' >2<\/a><a href='#3' class='goto-slide ' >3<\/a><a href='#4' class='goto-slide ' >4<\/a><a href='#5' class='goto-slide ' >5<\/a><\/div><\/div><\/div>\n<\/div><\/div><\/div><!-- close content main div --><\/div><\/div><div id='av-layout-grid-1' class='av-layout-grid-container entry-content-wrapper main_color av-fixed-cells    container_wrap sidebar_right'   >\n<div class=\"flex_cell no_margin av_one_half   \" style='vertical-align:top; padding:9px 0px 0px 0px ; background-color:#9f2134; '><div class='flex_cell_inner' ><\/div><\/div><div class=\"flex_cell no_margin av_one_half   \" style='vertical-align:top; padding:9px 0px 0px 0px ; background-color:#9f2134; '><div class='flex_cell_inner' ><\/div><\/div>\n<\/div>\n<\/div><\/div><\/div><!-- close content main div --><\/div><\/div><div id='av_section_1' class='avia-section main_color avia-section-huge avia-no-border-styling avia-bg-style-scroll   container_wrap sidebar_right'   ><div class='container' ><div class='template-page content  av-content-small alpha units'><div class='post-entry post-entry-type-page post-entry-1378'><div class='entry-content-wrapper clearfix'>\n<div class='flex_column_table av-equal-height-column-flextable -flextable' style='margin-top:-200px; margin-bottom:0px; '><div class=\"flex_column av_two_third  flex_column_table_cell av-equal-height-column av-align-top first  \" style='padding:40px; background-color:#dddddd; border-radius:0; '><p><div style='padding-bottom:10px;color:#000000;font-size:25px;' class='av-special-heading av-special-heading-h2 custom-color-heading blockquote modern-quote   av-inherit-size '><h2 class='av-special-heading-tag '  itemprop=\"headline\"  >Referenzobjekte Wohnimmobilien<\/h2><div class='special-heading-border'><div class='special-heading-inner-border' style='border-color:#000000'><\/div><\/div><\/div><br \/>\n<div style='height:20px' class='hr hr-invisible  '><span class='hr-inner ' ><span class='hr-inner-style'><\/span><\/span><\/div><br \/>\n<section class=\"av_textblock_section \"  itemscope=\"itemscope\" itemtype=\"https:\/\/schema.org\/CreativeWork\" ><div class='avia_textblock  '   itemprop=\"text\" ><div class=\"art-postheadericons art-metadata-icons\"><\/div>\n<div class=\"art-postcontent\">\n<div class=\"art-article\">\n<p>Wir verwalten Objekte aller Gr\u00f6\u00dfen und Nutzungsarten &#8211; vom Wohnhaus mit 3 Einheiten bis hin zur kompletten Wohnanlage mit 200 Einheiten und mehr. Auch Gesundheitsimmobilien (\u00c4rzteh\u00e4user, Therapiezentren) befinden sich in unserem Bestand. Die RENTA\u00a0Hausverwaltung ist f\u00fcr jede Anforderung Ihr kompetenter Partner.<\/p>\n<p>Nachfolgend sehen Sie eine Auswahl unserer Referenzobjekte im Wohnungsbereich. Eine \u00dcbersicht \u00fcber die von uns verwalteten \u00c4rzteh\u00e4user finden Sie unter <a href=\"http:\/\/renta-med.de\/cms-2017\/bad-freienwalde\/\">hier<\/a>.<\/p>\n<p><strong><a class=\"linkthumb modal\" style=\"margin: 0px; padding: 0px; color: #9d2133; font-family: Arial, Helvetica, sans-serif; text-decoration: none;\" title=\"Wohnanlage Spandau&lt;span&gt;Berlin, Obermeierweg \/ Sch\u00fcrstra\u00dfe&lt;\/span&gt;\" href=\"http:\/\/www.renta-hv.net\/hv\/cms\/cache\/3\/d3952882f7370f57ddcb368d44e87db0.jpg\" target=\"_blank\" rel=\"lightbox&#091;id_105&#093; noopener\"><img loading=\"lazy\" class=\"thumb\" title=\"Wohnanlage Spandau\" src=\"http:\/\/www.renta-hv.net\/hv\/cms\/cache\/e\/1e3e91b71e5b3264bff2bcc27f75dedb.jpg\" alt=\"Berlin, Obermeierweg \/ Sch\u00fcrstra\u00dfe\" width=\"155\" height=\"99\" \/><\/a>Wohnanlage Spandau<\/strong><br \/>\nBerlin,\u00a0Sch\u00fcrstra\u00dfe 9<\/p>\n<p>45 Wohnungen<\/p>\n<p>Das Geb\u00e4ude steht auf einem gepflegten gro\u00dfz\u00fcgigen Grundst\u00fcck in einer Seitenstra\u00dfe ohne Durchgangsverkehr mit direktem Havelblick. Die Altstadt ist fu\u00dfl\u00e4ufig in wenigen Gehminuten erreichbar. Gro\u00dfz\u00fcgige Balkone bieten einen Blick auf die Altstadtsilhouette jenseits der Havel.<\/p>\n<p><a class=\"linkthumb modal\" style=\"margin: 0px; padding: 0px; color: #9d2133; font-family: Arial, Helvetica, sans-serif; text-decoration: none;\" title=\"Waldstadt&lt;span&gt;Bad Freienwalde, Danckelmannstra\u00dfe&lt;\/span&gt;\" href=\"http:\/\/www.renta-hv.net\/hv\/cms\/images\/objekte\/frw_danckelmannstrbrandfichtenweg.jpg\" target=\"_blank\" rel=\"lightbox&#091;id_105&#093; noopener\"><img loading=\"lazy\" class=\"thumb\" title=\"Waldstadt\" src=\"http:\/\/www.renta-hv.net\/hv\/cms\/cache\/c\/ac8645cd6fde8211bd21a831ab6be145.jpg\" alt=\"Bad Freienwalde, Danckelmannstra\u00dfe\" width=\"155\" height=\"100\" \/><\/a><strong>Waldstadt <\/strong><br \/>\nBad Freienwalde, Danckelmannstra\u00dfe 2-18, 20-36 sowie Brandfichtenweg 1 und 3<\/p>\n<p>235 Wohnungen<\/p>\n<p>Die ehemals zur milit\u00e4rischen Nutzung errichtete Anlage bildet ein abgeschlossenes Ensemble. Ruhezonen, Kinderspielpl\u00e4tze\u00a0 und Pkw-Stellfl\u00e4chen wurden in den Au\u00dfenanlagen integriert.<\/p>\n<p><strong><a class=\"linkthumb modal\" style=\"margin: 0px; padding: 0px; color: #9d2133; font-family: Arial, Helvetica, sans-serif; text-decoration-line: none;\" title=\"Wohnen an der Europa-Universit\u00e4t Viadrina&lt;span&gt;Frankfurt\/Oder, August-Bebel-Stra\u00dfe&lt;\/span&gt;\" href=\"http:\/\/www.renta-hv.net\/hv\/cms\/images\/objekte\/ff_august-bebel-str.jpg\" target=\"_blank\" rel=\"lightbox&#091;id_105&#093; noopener\"><img loading=\"lazy\" class=\"thumb\" title=\"Wohnen an der Europa-Universit\u00e4t Viadrina\" src=\"http:\/\/www.renta-hv.net\/hv\/cms\/cache\/c\/bc609c69fca7037157c235db31ebb546.jpg\" alt=\"Frankfurt\/Oder, August-Bebel-Stra\u00dfe\" width=\"155\" height=\"100\" \/><\/a>Wohnen an der Europa-Universit\u00e4t<\/strong><\/p>\n<p>Frankfurt\/Oder, August-Bebel-Str. 63a, 63-68\/Immenweg 1-2<\/p>\n<p>62 Wohnungen<\/p>\n<p>Das Objekt befindet sich im westlichen Stadtteil der Nuhnener Vorstadt mit sehr guter Verkehrsanbindung und \u00f6ffentlicher Infrastruktur. Wundersch\u00f6ne Altbauwohnungen und kurze Wege sind bezeichnend f\u00fcr die Stra\u00dfe. Hervorragende Anbindung an Stra\u00dfenbahn, Bus, Autobahn; Einkaufsm\u00f6glichkeiten im nahegelegenen Einzelhandel; Schulen, Kinderg\u00e4rten, \u00c4rzte, Apotheken und eine Schwimmhalle sind fu\u00dfl\u00e4ufig erreichbar.<\/p>\n<p><a class=\"linkthumb modal\" style=\"margin: 0px; padding: 0px; color: #9d2133; font-family: Arial, Helvetica, sans-serif; text-decoration: none;\" title=\"Waldschanze&lt;span&gt;Bad Freienwalde, Berliner Stra\u00dfe&lt;\/span&gt;\" href=\"http:\/\/www.renta-hv.net\/hv\/cms\/images\/objekte\/frw_berliner_str.jpg\" target=\"_blank\" rel=\"lightbox&#091;id_105&#093; noopener\"><img loading=\"lazy\" class=\"thumb\" title=\"Waldschanze\" src=\"http:\/\/www.renta-hv.net\/hv\/cms\/cache\/1\/21c9462a998ae6ccbefddd95bde0802f.jpg\" alt=\"Bad Freienwalde, Berliner Stra\u00dfe\" width=\"155\" height=\"100\" \/><\/a><strong>Waldschanze<\/strong><br \/>\nBad Freienwalde, Berliner Stra\u00dfe 99\/101<\/p>\n<p>10 Wohnungen<\/p>\n<p>Das ruhige Wohnhaus befindet sich in direkter Waldn\u00e4he in einem gr\u00fcnen Wohngebiet. Es wird von der RENTA seit 1997 verwaltet. Die Wohnanlage ist gehoben, ruhig und gepflegt mit sehr guter Verkehrsanbindung.<\/p>\n<p><strong><a class=\"linkthumb modal\" style=\"margin: 0px; padding: 0px; color: #9d2133; font-family: Arial, Helvetica, sans-serif; text-decoration: none;\" title=\"Deutsches Haus&lt;span&gt;Bad Freienwalde, Gesundbrunnenstra\u00dfe&lt;\/span&gt;\" href=\"http:\/\/www.renta-hv.net\/hv\/cms\/images\/objekte\/frw_gesundbrunnenstr.jpg\" target=\"_blank\" rel=\"lightbox&#091;id_105&#093; noopener\"><img loading=\"lazy\" class=\"thumb\" title=\"Deutsches Haus\" src=\"http:\/\/www.renta-hv.net\/hv\/cms\/cache\/0\/90ef253b2572713cff9cede927978c99.jpg\" alt=\"Bad Freienwalde, Gesundbrunnenstra\u00dfe\" width=\"155\" height=\"99\" \/><\/a>Deutsches Haus<br \/>\n<\/strong>Bad Freienwalde, Gesundbrunnenstra\u00dfe 30a<\/p>\n<p>6 Wohnungen<\/p>\n<p>Das Haus wurde 1862 als r\u00f6misch-irisches Dampfbad errichtet. Im Jahre 1892 wurde es in ein &#8220;Hotel de R\u00f4me&#8221; umgebaut. Von 1936 bis 1964 war es das &#8220;Hotel Deutsches Haus&#8221;, danach bis 1991 die Landwirtschaftsschule in Bad Freienwalde. Es steht unter Denkmalschutz, liegt direkt im Kurviertel und verf\u00fcgt \u00fcber einen gehobenen Standard.<\/p>\n<p><a class=\"linkthumb modal\" style=\"margin: 0px; padding: 0px; color: #9d2133; font-family: Arial, Helvetica, sans-serif; text-decoration-line: none;\" title=\"Alter Brauhof&lt;span&gt;Wriezen&lt;\/span&gt;\" href=\"http:\/\/www.renta-hv.net\/hv\/cms\/images\/objekte\/wrz_wilhelmstralter_brauhof.jpg\" target=\"_blank\" rel=\"lightbox&#091;id_105&#093; noopener\"><img loading=\"lazy\" class=\"thumb\" title=\"Alter Brauhof\" src=\"http:\/\/www.renta-hv.net\/hv\/cms\/cache\/0\/70c9d48af6fe8150a39dc0bd6e13d64b.jpg\" alt=\"Wriezen\" width=\"155\" height=\"100\" \/><\/a><strong>Alter Brauhof<\/strong><\/p>\n<p>Wriezen,\u00a0Wilhelmstra\u00dfe 7\/8<\/p>\n<p>27\u00a0Wohnungen \/\u00a03 Gewerbeeinheiten<\/p>\n<p>Der Alte Brauhof ist ein architektonisches Schmuckst\u00fcck der Stadt Wriezen. Zentral, aber dennoch verkehrsberuhigt, wurde dieses Objekt auf dem ehemaligen Gel\u00e4nde des alten Brauereigeb\u00e4udes errichtet und in ihm die\u00a0gut erhaltene Bausubstanz der Brauerei integriert.<\/p>\n<p><strong><a class=\"linkthumb modal\" style=\"margin: 0px; padding: 0px; color: #9d2133; font-family: Arial, Helvetica, sans-serif; text-decoration-line: none;\" title=\"Wohnhaus Goethestra\u00dfe&lt;span&gt;frw goethestr&lt;\/span&gt;\" href=\"http:\/\/www.renta-hv.net\/hv\/cms\/cache\/0\/601c8125f716be4c43a69088416899c6.jpg\" target=\"_blank\" rel=\"lightbox&#091;id_105&#093; noopener\"><img loading=\"lazy\" class=\"thumb\" title=\"Wohnhaus Goethestra\u00dfe\" src=\"http:\/\/www.renta-hv.net\/hv\/cms\/cache\/d\/dd1ecb75ee3fd3f33ad56cfba61a92b1.jpg\" alt=\"frw goethestr\" width=\"155\" height=\"99\" \/><\/a>Wohnhaus Goethestra\u00dfe<\/strong><\/p>\n<p>Bad Freienwalde, Goethestra\u00dfe 25<\/p>\n<p>3 Wohnungen \/ 1 Gewerbe<\/p>\n<p>Das villenartige Mehrfamilienhaus im Kurviertel Bad Freienwaldes ist verkehrsg\u00fcnstig gelegen. Es wurde 2004\/2005 vollst\u00e4ndig modernisiert: Die\u00a0Fenster erhielten eine W\u00e4rmeisolierverglasung, Dachgeschoss und Kellerdecke wurden w\u00e4rmeged\u00e4mmt. Die gepflegte Au\u00dfenanlage mit integrierter Grill- und Sitzecke l\u00e4dt zum Verweilen ein. Kostenfreie Pkw-Stellpl\u00e4tze, W\u00e4schetrockenplatz und ein abschlie\u00dfbarer Fahrradraum runden den Gesamtkomfort ab.<\/p>\n<p><strong><a class=\"linkthumb modal\" href=\"http:\/\/www.renta-hv.net\/hv\/cms\/images\/objekte\/fw_neue_gartenstr.jpg\" target=\"_blank\" rel=\"lightbox&#091;id_105&#093; noopener\"><img loading=\"lazy\" class=\"thumb\" src=\"http:\/\/www.renta-hv.net\/hv\/cms\/cache\/1\/8115ce9bc68292561599637c20da1a13.jpg\" alt=\"fw neue gartenstr\" width=\"155\" height=\"100\" \/><\/a>Wohnanlage Ulanen<br \/>\n<\/strong>F\u00fcrstenwalde, Neue Gartenstra\u00dfe 12\/14-17\/19, 21<\/p>\n<p>65 Wohnungen<\/p>\n<p>Auf ehemalig milit\u00e4risch genutztem Gel\u00e4nde wurden die Kasernen grundlegend und liebevoll saniert und zu Wohngeb\u00e4uden umgebaut. Die Wohnanlage ist ruhig und gepflegt und liegt in einem gr\u00fcnen Wohngebiet.<\/p>\n<p><a class=\"linkthumb modal\" href=\"http:\/\/www.renta-hv.net\/hv\/cms\/images\/objekte\/frw_august-heese-str.jpg\" target=\"_blank\" rel=\"lightbox&#091;id_105&#093; noopener\"><img loading=\"lazy\" class=\"thumb\" src=\"http:\/\/www.renta-hv.net\/hv\/cms\/cache\/0\/7082e01bdd36f078b686c1fcc7c2b6fc.jpg\" alt=\"frw august-heese-str\" width=\"155\" height=\"100\" \/><\/a><strong>Berliner Schl\u00f6sschen<\/strong><br \/>\nBad Freienwalde, August-Heese-Stra\u00dfe 1 und 3<\/p>\n<p>24 Wohnungen<\/p>\n<p>Das Wohnhaus wird seit 1994 von der RENTA\u00a0verwaltet. Die Vollvermietung ist hier\u00a0ganzj\u00e4hrig gesichert.<\/p>\n<p><strong><a class=\"linkthumb modal\" style=\"margin: 0px; padding: 0px; color: #9d2133; font-family: Arial, Helvetica, sans-serif; text-decoration: none;\" title=\"August-Bebel-Wohnpark&lt;span&gt; Bad Freienwalde, August-Bebel-Stra\u00dfe&lt;\/span&gt;\" href=\"http:\/\/www.renta-hv.net\/hv\/cms\/images\/objekte\/frw_augustbebel.jpg\" target=\"_blank\" rel=\"lightbox&#091;id_105&#093; noopener\"><img loading=\"lazy\" class=\"thumb\" title=\"August-Bebel-Wohnpark\" src=\"http:\/\/www.renta-hv.net\/hv\/cms\/cache\/9\/f92e60c388d3a6b6ea08534806791447.jpg\" alt=\" Bad Freienwalde, August-Bebel-Stra\u00dfe\" width=\"155\" height=\"98\" \/><\/a>August-Bebel-Wohnpark<\/strong><br \/>\nBad Freienwalde, August-Bebel-Stra\u00dfe 1<\/p>\n<p>4 Wohnungen \/ 9 Gewerbe \/ 9 Garagen<\/p>\n<p>Im Zentrum gelegen mit einer sehr guten Verkehrsanbindung und \u00f6ffentlicher Infrastruktur. Einkaufsm\u00f6glichkeiten, verschiedene Schulen und Kinderg\u00e4rten sind fu\u00dfl\u00e4ufig erreichbar.<\/p>\n<p><a class=\"linkthumb modal\" style=\"margin: 0px; padding: 0px; color: #9d2133; font-family: Arial, Helvetica, sans-serif; text-decoration: none;\" title=\"Wohnpark Werneuchen&lt;span&gt;Werneuchen, Anemonenstra\u00dfe\/Goldregenstra\u00dfe&lt;\/span&gt;\" href=\"http:\/\/www.renta-hv.net\/hv\/cms\/images\/objekte\/wern_goldregenstranemonenstr.jpg\" target=\"_blank\" rel=\"lightbox&#091;id_105&#093; noopener\"><img loading=\"lazy\" class=\"thumb\" title=\"Wohnpark Werneuchen\" src=\"http:\/\/www.renta-hv.net\/hv\/cms\/cache\/b\/6b49403ce2939c918324fb3322be1906.jpg\" alt=\"Werneuchen, Anemonenstra\u00dfe\/Goldregenstra\u00dfe\" width=\"155\" height=\"100\" \/><\/a><strong>Wohnpark Werneuchen<br \/>\n<\/strong>Werneuchen, Anemonenstra\u00dfe\/Goldregenstr. 1-3b<\/p>\n<p>108 Wohnungen<\/p>\n<p>Die drei auf dem Grundst\u00fcck befindlichen, 1935 erbauten Geb\u00e4ude wurden bis 1993 als Kasernen genutzt. Sie wurden grundsaniert und zu\u00a0Wohnungen umgebaut. Die Wohnanlage liegt ruhig in einem gr\u00fcnen Umfeld und ist gepflegt.<\/p>\n<p><strong><a class=\"linkthumb modal\" style=\"margin: 0px; padding: 0px; color: #9d2133; font-family: Arial, Helvetica, sans-serif; text-decoration: none;\" title=\"Wohnobjekt Freienwalder Stra\u00dfe&lt;span&gt;Wriezen&lt;\/span&gt;\" href=\"http:\/\/www.renta-hv.net\/hv\/cms\/images\/objekte\/wrz_freienwalder_str.jpg\" target=\"_blank\" rel=\"lightbox&#091;id_105&#093; noopener\"><img loading=\"lazy\" class=\"thumb\" title=\"Wohnobjekt Freienwalder Stra\u00dfe\" src=\"http:\/\/www.renta-hv.net\/hv\/cms\/cache\/b\/9bb73153ff1dc7ba9eba6901c018303e.jpg\" alt=\"Wriezen\" width=\"155\" height=\"100\" \/><\/a>Wohnobjekt Freienwalder Stra\u00dfe<br \/>\n<\/strong>Wriezen, Freienwalder Stra\u00dfe 42\/43<\/p>\n<p>24 Wohnungen<\/p>\n<p>Das in den 80er Jahren in monolitischer Bauweise errichtete Wohnhaus hat ein ausgebautes Dachgeschoss und wurde durchgreifend modernisiert. Das Haus liegt ruhig, aber dennoch zentral und ist deshalb und wegen des gro\u00dfen Grundst\u00fccks mit W\u00e4schetrocken- und Kinderspielplatz bei den Mietern sehr beliebt.<\/p>\n<p><strong><a class=\"linkthumb modal\" style=\"margin: 0px; padding: 0px; color: #9d2133; font-family: Arial, Helvetica, sans-serif; text-decoration: none;\" title=\"Wohnobjekt Magazinstra\u00dfe&lt;span&gt;Wriezen&lt;\/span&gt;\" href=\"http:\/\/www.renta-hv.net\/hv\/cms\/images\/objekte\/wrz_magazinstr.jpg\" target=\"_blank\" rel=\"lightbox&#091;id_105&#093; noopener\"><img loading=\"lazy\" class=\"thumb\" title=\"Wohnobjekt Magazinstra\u00dfe\" src=\"http:\/\/www.renta-hv.net\/hv\/cms\/cache\/c\/8c602bba8a5eb58b9806a7f455e6da77.jpg\" alt=\"Wriezen\" width=\"155\" height=\"100\" \/><\/a>Wohnobjekt Magazinstra\u00dfe<br \/>\n<\/strong>Wriezen, Magazinstra\u00dfe 3-3d<\/p>\n<p>33 Wohnungen<\/p>\n<p>Das ruhige Wohnhaus im Stadtzentrum von Wriezen wurde 1993 erbaut. Mit der Gr\u00fcnfl\u00e4chenplanung wurde gro\u00dfz\u00fcgig der Hof gestaltet. Es gibt hier einen Spielplatz und Pkw-Stellpl\u00e4tze f\u00fcr die Mieter.<\/p>\n<p><strong><a class=\"linkthumb modal\" style=\"margin: 0px; padding: 0px; color: #9d2133; font-family: Arial, Helvetica, sans-serif; text-decoration: none;\" title=\"Windm\u00fchlenberg&lt;span&gt;Neuhardenberg&lt;\/span&gt;\" href=\"http:\/\/www.renta-hv.net\/hv\/cms\/images\/objekte\/nh_windmuehlenberg.jpg\" target=\"_blank\" rel=\"lightbox&#091;id_105&#093; noopener\"><img loading=\"lazy\" class=\"thumb\" title=\"Windm\u00fchlenberg\" src=\"http:\/\/www.renta-hv.net\/hv\/cms\/cache\/6\/76d25916dc905762b7d19d0ff1a4b0a1.jpg\" alt=\"Neuhardenberg\" width=\"155\" height=\"100\" \/><\/a>Windm\u00fchlenberg<br \/>\n<\/strong>Neuhardenberg, Windm\u00fchlenberg<\/p>\n<p>36 Wohnungen<\/p>\n<p>Die vier zweigeschossigen Bauk\u00f6rper mit einem vollen Dachgeschoss wurden 1996 errichtet. Eine weitl\u00e4ufige Gartenanlage mit Pkw-Stell- und Kinderspielpl\u00e4tzen runden das Gesamtbild ab.<\/p>\n<p><strong><a class=\"linkthumb modal\" style=\"margin: 0px; padding: 0px; color: #9d2133; font-family: Arial, Helvetica, sans-serif; text-decoration: none;\" title=\"Wohnobjekt Oderstra\u00dfe&lt;span&gt;Wriezen&lt;\/span&gt;\" href=\"http:\/\/www.renta-hv.net\/hv\/cms\/images\/objekte\/wrz_oderstr.jpg\" target=\"_blank\" rel=\"lightbox&#091;id_105&#093; noopener\"><img loading=\"lazy\" class=\"thumb\" title=\"Wohnobjekt Oderstra\u00dfe\" src=\"http:\/\/www.renta-hv.net\/hv\/cms\/cache\/5\/b5f17f71b30efe34e73dcef668676287.jpg\" alt=\"Wriezen\" width=\"155\" height=\"100\" \/><\/a>Wohnobjekt Oderstra\u00dfe<br \/>\n<\/strong>Wriezen, Oderstra\u00dfe 14-16<\/p>\n<p>44 Wohnungen<\/p>\n<p>Das Geb\u00e4udeensemble aus drei 1995 errichteten Bauten befindet sich im Stadtzentrum von Wriezen.\u00a0Es verf\u00fcgt \u00fcber eine innenliegende Gartenanlage. Die RENTA\u00a0Hausverwaltung hat bereits mit Abschluss der Bauphase die Verwaltungst\u00e4tigkeit f\u00fcr dieses anspruchsvolle Neubauprojekt \u00fcbernommen.<\/p>\n<p><strong><a class=\"linkthumb modal\" style=\"margin: 0px; padding: 0px; color: #9d2133; font-family: Arial, Helvetica, sans-serif; text-decoration: none;\" title=\"Wriezen&lt;span&gt;Berliner Berg&lt;\/span&gt;\" href=\"http:\/\/www.renta-hv.net\/hv\/cms\/images\/objekte\/wrz_berliner_berg.jpg\" target=\"_blank\" rel=\"lightbox&#091;id_105&#093; noopener\"><img loading=\"lazy\" class=\"thumb\" title=\"Wriezen\" src=\"http:\/\/www.renta-hv.net\/hv\/cms\/cache\/9\/39e5d219314aa0a79de1f297316edc0b.jpg\" alt=\"Berliner Berg\" width=\"155\" height=\"100\" \/><\/a>Berliner Berg<\/strong><br \/>\nWriezen; Berliner Berg 19-27<\/p>\n<p>61 Wohnungen<\/p>\n<p>Die RENTA\u00a0verwaltet und vermietet dieses\u00a0ruhige, aber in zentraler Lage befindliche Wohnobjekt. Es wurde 1996 errichtet,\u00a0f\u00fcr die Wohnungen ist fast durchgehend Vollvermietung gesichert.<\/p>\n<p><strong><a class=\"linkthumb modal\" style=\"margin: 0px; padding: 0px; color: #9d2133; font-family: Arial, Helvetica, sans-serif; text-decoration: none;\" title=\"Wohnpark Zieten&lt;span&gt;Rathenow, Bahnhofstra\u00dfe&lt;\/span&gt;\" href=\"http:\/\/www.renta-hv.net\/hv\/cms\/images\/objekte\/rat_bahnhofstr.jpg\" target=\"_blank\" rel=\"lightbox&#091;id_105&#093; noopener\"><img loading=\"lazy\" class=\"thumb\" title=\"Wohnpark Zieten\" src=\"http:\/\/www.renta-hv.net\/hv\/cms\/cache\/e\/beca2d65906e7403531c8cc8c2fa2f66.jpg\" alt=\"Rathenow, Bahnhofstra\u00dfe\" width=\"155\" height=\"100\" \/><\/a>Wohnpark Ziethen<\/strong><br \/>\nRathenow, Bahnhofstra\u00dfe 1-3b<\/p>\n<p>73 Wohnungen \/ 24 Gewerbe<\/p>\n<p>Ehemals milit\u00e4risch genutzt, standen die Geb\u00e4ude lange leer. 1999 wurden sie von der RENTA saniert und die Backsteingeb\u00e4ude erstrahlten wieder in ihrer alten Sch\u00f6nheit. Hohe R\u00e4ume, gro\u00dfz\u00fcgige Flure und die zentrale Lage sind Grund f\u00fcr ein besonderes Wohngef\u00fchl.<\/p>\n<p><strong><a class=\"linkthumb modal\" href=\"http:\/\/www.renta-hv.net\/hv\/cms\/cache\/5\/c53c502a0592eaa22ac7c35f14e21ac0.jpg\" target=\"_blank\" rel=\"lightbox&#091;id_105&#093; noopener\"><img loading=\"lazy\" class=\"thumb\" src=\"http:\/\/www.renta-hv.net\/hv\/cms\/cache\/f\/7ffda47bdcb2425e6a36df1c08c13d43.jpg\" alt=\"Frankfurt Schillerstrae\" width=\"158\" height=\"100\" \/><\/a>Wohnanlage <\/strong><strong>Schillerstra\u00dfe<br \/>\n<\/strong>Frankfurt\/Oder, Schillerstra\u00dfe 30-34<\/p>\n<p>25 Wohnungen<\/p>\n<p>Das Objekt befindet sich im westlichen Stadtteil Nuhnener Vorstadt mit sehr guter Verkehrsanbindung und \u00f6ffentlicher Infrastruktur. Wundersch\u00f6ne Altbauwohnungen und kurze Wege sind bezeichnend f\u00fcr die Stra\u00dfe. Hervorragende Anbindung an Stra\u00dfenbahn, Bus, Autobahn; Einkaufsm\u00f6glichkeiten im nahegelegenen Einzelhandel; Schulen und Kinderg\u00e4rten, \u00c4rzte und Apotheken sind fu\u00dfl\u00e4ufig erreichbar.<\/p>\n<\/div>\n<\/div>\n<div class=\"art-postcontent\"><\/div>\n<\/div><\/section><\/p><\/div><\/div><!--close column table wrapper. Autoclose: 1 --><div class='flex_column_table av-equal-height-column-flextable -flextable' style='margin-top:-200px; margin-bottom:0px; '><div class='av-flex-placeholder'><\/div><div class=\"flex_column av_one_third  flex_column_table_cell av-equal-height-column av-align-top   \" style='padding:40px; background-color:#9f2134; border-radius:0px; '><p><div style='padding-bottom:10px;color:#ffffff;' class='av-special-heading av-special-heading-h4 custom-color-heading    '><h4 class='av-special-heading-tag '  itemprop=\"headline\"  >VERMIETUNGSANFRAGEN<\/h4><div class='special-heading-border'><div class='special-heading-inner-border' style='border-color:#ffffff'><\/div><\/div><\/div><br \/>\n<section class=\"av_textblock_section \"  itemscope=\"itemscope\" itemtype=\"https:\/\/schema.org\/CreativeWork\" ><div class='avia_textblock  av_inherit_color '  style='color:#ffffff; '  itemprop=\"text\" ><p>Eigent\u00fcmer richten sich mit ihrer Verwalteranfrage bitte direkt an die Leitung der Hausverwaltung in Bad Freienwalde:<\/p>\n<p>Tel.: +49 3344 33599 &#8211; 00<br \/>\n<a href=\"hv@renta.de\">hv@renta.de<\/a><\/p>\n<\/div><\/section><\/p><\/div><\/div><!--close column table wrapper. Autoclose: 1 --><\/div><\/div><\/div><!-- close content main div --><\/div><\/div><div id='after_section_1' class='main_color av_default_container_wrap container_wrap sidebar_right'   ><div class='container' ><div class='template-page content  av-content-small alpha units'><div class='post-entry post-entry-type-page post-entry-1378'><div class='entry-content-wrapper clearfix'>\n","protected":false},"excerpt":{"rendered":"","protected":false},"author":1,"featured_media":0,"parent":0,"menu_order":0,"comment_status":"closed","ping_status":"closed","template":"","meta":[],"_links":{"self":[{"href":"https:\/\/renta-hv.net\/cms-2017\/wp-json\/wp\/v2\/pages\/1378"}],"collection":[{"href":"https:\/\/renta-hv.net\/cms-2017\/wp-json\/wp\/v2\/pages"}],"about":[{"href":"https:\/\/renta-hv.net\/cms-2017\/wp-json\/wp\/v2\/types\/page"}],"author":[{"embeddable":true,"href":"https:\/\/renta-hv.net\/cms-2017\/wp-json\/wp\/v2\/users\/1"}],"replies":[{"embeddable":true,"href":"https:\/\/renta-hv.net\/cms-2017\/wp-json\/wp\/v2\/comments?post=1378"}],"version-history":[{"count":8,"href":"https:\/\/renta-hv.net\/cms-2017\/wp-json\/wp\/v2\/pages\/1378\/revisions"}],"predecessor-version":[{"id":1619,"href":"https:\/\/renta-hv.net\/cms-2017\/wp-json\/wp\/v2\/pages\/1378\/revisions\/1619"}],"wp:attachment":[{"href":"https:\/\/renta-hv.net\/cms-2017\/wp-json\/wp\/v2\/media?parent=1378"}],"curies":[{"name":"wp","href":"https:\/\/api.w.org\/{rel}","templated":true}]}}