{"id":1302,"date":"2017-11-16T14:11:26","date_gmt":"2017-11-16T13:11:26","guid":{"rendered":"https:\/\/renta-hv.net\/cms-2017\/?page_id=1302"},"modified":"2021-07-20T15:11:40","modified_gmt":"2021-07-20T13:11:40","slug":"eigentuemer","status":"publish","type":"page","link":"https:\/\/renta-hv.net\/cms-2017\/eigentuemer\/","title":{"rendered":"Eigent\u00fcmer"},"content":{"rendered":"<\/div><\/div><\/div><!-- close content main div --><\/div><\/div><div id='full_slider_1' class='avia-fullwidth-slider main_color avia-shadow   container_wrap sidebar_right'   ><div  data-size='extra_large'  data-lightbox_size='large'  data-animation='fade'  data-ids='1310,1309,1308,1307,1306'  data-video_counter='0'  data-autoplay='true'  data-bg_slider='false'  data-slide_height=''  data-handle='av_slideshow_full'  data-interval='6'  data-class=' '  data-css_id=''  data-scroll_down=''  data-control_layout='av-control-minimal'  data-custom_markup=''  data-perma_caption=''  data-autoplay_stopper=''  data-image_attachment=''  data-min_height='0px'  data-src=''  data-position='top left'  data-repeat='no-repeat'  data-attach='scroll'  data-stretch=''  data-default-height='100'  class='avia-slideshow avia-slideshow-1  av-control-minimal av-default-height-applied avia-slideshow-extra_large av_slideshow_full   avia-fade-slider '  itemscope=\"itemscope\" itemtype=\"https:\/\/schema.org\/ImageObject\" ><ul class='avia-slideshow-inner' style='padding-bottom: 25.78125%;'><li  class=' slide-1 ' ><div data-rel='slideshow-1' class='avia-slide-wrap'  ><img src='https:\/\/renta-hv.net\/cms-2017\/wp-content\/uploads\/2017\/11\/202_zweite.jpg' width='768' height='198' title='202_zweite' alt=''  itemprop=\"thumbnailUrl\"   \/><\/div><\/li><li  class=' slide-2 ' ><div data-rel='slideshow-1' class='avia-slide-wrap'  ><img src='https:\/\/renta-hv.net\/cms-2017\/wp-content\/uploads\/2017\/11\/rathenow2.jpg' width='768' height='198' title='rathenow2' alt=''  itemprop=\"thumbnailUrl\"   \/><\/div><\/li><li  class=' slide-3 ' ><div data-rel='slideshow-1' class='avia-slide-wrap'  ><img src='https:\/\/renta-hv.net\/cms-2017\/wp-content\/uploads\/2017\/11\/oranienburger_tor.jpg' width='790' height='205' title='oranienburger_tor' alt=''  itemprop=\"thumbnailUrl\"   \/><\/div><\/li><li  class=' slide-4 ' ><div data-rel='slideshow-1' class='avia-slide-wrap'  ><img src='https:\/\/renta-hv.net\/cms-2017\/wp-content\/uploads\/2017\/11\/bfw_goethe25.jpg' width='790' height='205' title='bfw_goethe25' alt=''  itemprop=\"thumbnailUrl\"   \/><\/div><\/li><li  class=' slide-5 ' ><div data-rel='slideshow-1' class='avia-slide-wrap'  ><img src='https:\/\/renta-hv.net\/cms-2017\/wp-content\/uploads\/2017\/11\/501_zweite.jpg' width='768' height='198' title='501_zweite' alt=''  itemprop=\"thumbnailUrl\"   \/><\/div><\/li><\/ul><div class='avia-slideshow-arrows avia-slideshow-controls'><a href='#prev' class='prev-slide' aria-hidden='true' data-av_icon='\ue87c' data-av_iconfont='entypo-fontello'>Zur\u00fcck<\/a><a href='#next' class='next-slide' aria-hidden='true' data-av_icon='\ue87d' data-av_iconfont='entypo-fontello'>Weiter<\/a><\/div><div class='avia-slideshow-dots avia-slideshow-controls'><a href='#1' class='goto-slide active' >1<\/a><a href='#2' class='goto-slide ' >2<\/a><a href='#3' class='goto-slide ' >3<\/a><a href='#4' class='goto-slide ' >4<\/a><a href='#5' class='goto-slide ' >5<\/a><\/div><\/div><\/div>\n<\/div><\/div><\/div><!-- close content main div --><\/div><\/div><div id='av-layout-grid-1' class='av-layout-grid-container entry-content-wrapper main_color av-fixed-cells    container_wrap sidebar_right'   >\n<div class=\"flex_cell no_margin av_one_half   \" style='vertical-align:top; padding:9px 0px 0px 0px ; background-color:#9f2134; '><div class='flex_cell_inner' ><\/div><\/div><div class=\"flex_cell no_margin av_one_half   \" style='vertical-align:top; padding:9px 0px 0px 0px ; background-color:#9f2134; '><div class='flex_cell_inner' ><\/div><\/div>\n<\/div>\n<\/div><\/div><\/div><!-- close content main div --><\/div><\/div><div id='av_section_1' class='avia-section main_color avia-section-huge avia-no-border-styling avia-bg-style-scroll   container_wrap sidebar_right'   ><div class='container' ><div class='template-page content  av-content-small alpha units'><div class='post-entry post-entry-type-page post-entry-1302'><div class='entry-content-wrapper clearfix'>\n<div class='flex_column_table av-equal-height-column-flextable -flextable' style='margin-top:-200px; margin-bottom:0px; '><div class=\"flex_column av_two_third  flex_column_table_cell av-equal-height-column av-align-top first  \" style='padding:40px; background-color:#dddddd; border-radius:0; '><p><div style='padding-bottom:10px;color:#000000;font-size:25px;' class='av-special-heading av-special-heading-h2 custom-color-heading blockquote modern-quote   av-inherit-size '><h2 class='av-special-heading-tag '  itemprop=\"headline\"  >Wohnobjekte &#8211; Mieth\u00e4user<\/h2><div class='special-heading-border'><div class='special-heading-inner-border' style='border-color:#000000'><\/div><\/div><\/div><br \/>\n<div style='height:20px' class='hr hr-invisible  '><span class='hr-inner ' ><span class='hr-inner-style'><\/span><\/span><\/div><br \/>\n<section class=\"av_textblock_section \"  itemscope=\"itemscope\" itemtype=\"https:\/\/schema.org\/CreativeWork\" ><div class='avia_textblock  '   itemprop=\"text\" ><p class=\"art-postheader\"><span style=\"font-size: 16px;\"><strong>Als Verwalter Ihres Wohnhauses sind wir erster Ansprechpartner f\u00fcr Ihre Mieter, Versorgungsunternehmen, Handwerker etc.<\/strong><\/span><\/p>\n<div class=\"art-postcontent\">\n<div class=\"art-article\">\n<p>Der enge Kontakt mit Mietern erfordert viel Erfahrung und besonderes Fachwissen, um die Beziehung spannungsfrei zu gestalten. Gerade bei Themen wie die zul\u00e4ssige Mieth\u00f6he, Ma\u00dfnahmen zur Erhaltung der Im\u00admobilie, Vereinbarung von Staffelmieten oder auch die korrekten \u00dcbergaben bei Ein- oder Auszug kommt es schnell zu Differenzen, die man vermeiden kann.<\/p>\n<p>Wir \u00fcbernehmen die <strong>Neu- bzw. Nachvermietung<\/strong>, w\u00e4hlen Mieter sorgf\u00e4ltig aus und schlie\u00dfen Miet- und Pachtvertr\u00e4ge zu den Marktbedingungen ab.<\/p>\n<p>Wir arbeiten sehr strukturiert und f\u00fchren f\u00fcr jeden Mieter eine virtuelle Mieterakte, welche den gesamten Schrift\u00adwechsel und sonstige mieterrelevante Unterlagen enth\u00e4lt. Sorgf\u00e4ltig f\u00fchren wir eine <strong>Mietenbuchhaltung<\/strong>, die wir Ihrem Steuerb\u00fcro \u00fcber standardisierte, wie auch individuelle Schnittstellen zur Verf\u00fcgung stellen. Die <strong>Finanzbuchhaltung<\/strong> wird individuell an die W\u00fcnsche des Eigent\u00fcmers angepasst. Es werden separate Hauskonten gef\u00fchrt und Ihnen monatliche Abrechnungen zur Verf\u00fcgung gestellt.<\/p>\n<p>Nehmen Sie <a title=\"Kontakt zur RENTA AG Hausverwaltung in Wriezen\" href=\"https:\/\/renta-hv.net\/cms-2017\/kontakt\/\">Kontakt<\/a> zu uns auf und lassen Sie sich von uns individuell \u00fcber unser komplettes Leistungspaket beraten und ein konkretes Angebot erstellen.<\/p>\n<\/div>\n<\/div>\n<\/div><\/section><\/p><\/div><\/div><!--close column table wrapper. Autoclose: 1 --><div class='flex_column_table av-equal-height-column-flextable -flextable' style='margin-top:-200px; margin-bottom:0px; '><div class='av-flex-placeholder'><\/div><div class=\"flex_column av_one_third  flex_column_table_cell av-equal-height-column av-align-top   \" style='padding:40px; background-color:#9f2134; border-radius:0px; '><p><div style='padding-bottom:10px;color:#ffffff;' class='av-special-heading av-special-heading-h4 custom-color-heading    '><h4 class='av-special-heading-tag '  itemprop=\"headline\"  >VERMIETUNGSANFRAGEN<\/h4><div class='special-heading-border'><div class='special-heading-inner-border' style='border-color:#ffffff'><\/div><\/div><\/div><br \/>\n<section class=\"av_textblock_section \"  itemscope=\"itemscope\" itemtype=\"https:\/\/schema.org\/CreativeWork\" ><div class='avia_textblock  av_inherit_color '  style='color:#ffffff; '  itemprop=\"text\" ><p>Eigent\u00fcmer richten sich mit ihrer Verwalteranfrage bitte direkt an die Leitung der Hausverwaltung in Bad Freienwalde:<\/p>\n<p>Tel.: +49 3344 33599 &#8211; 00<br \/>\n<a href=\"mailto:hv.wriezen@renta.de\">hv@renta.de<\/a><\/p>\n<\/div><\/section><\/p><\/div><\/div><!--close column table wrapper. Autoclose: 1 --><\/div><\/div><\/div><!-- close content main div --><\/div><\/div><div id='after_section_1' class='main_color av_default_container_wrap container_wrap sidebar_right'   ><div class='container' ><div class='template-page content  av-content-small alpha units'><div class='post-entry post-entry-type-page post-entry-1302'><div class='entry-content-wrapper clearfix'>\n","protected":false},"excerpt":{"rendered":"","protected":false},"author":1,"featured_media":0,"parent":0,"menu_order":0,"comment_status":"closed","ping_status":"closed","template":"","meta":[],"_links":{"self":[{"href":"https:\/\/renta-hv.net\/cms-2017\/wp-json\/wp\/v2\/pages\/1302"}],"collection":[{"href":"https:\/\/renta-hv.net\/cms-2017\/wp-json\/wp\/v2\/pages"}],"about":[{"href":"https:\/\/renta-hv.net\/cms-2017\/wp-json\/wp\/v2\/types\/page"}],"author":[{"embeddable":true,"href":"https:\/\/renta-hv.net\/cms-2017\/wp-json\/wp\/v2\/users\/1"}],"replies":[{"embeddable":true,"href":"https:\/\/renta-hv.net\/cms-2017\/wp-json\/wp\/v2\/comments?post=1302"}],"version-history":[{"count":8,"href":"https:\/\/renta-hv.net\/cms-2017\/wp-json\/wp\/v2\/pages\/1302\/revisions"}],"predecessor-version":[{"id":1605,"href":"https:\/\/renta-hv.net\/cms-2017\/wp-json\/wp\/v2\/pages\/1302\/revisions\/1605"}],"wp:attachment":[{"href":"https:\/\/renta-hv.net\/cms-2017\/wp-json\/wp\/v2\/media?parent=1302"}],"curies":[{"name":"wp","href":"https:\/\/api.w.org\/{rel}","templated":true}]}}