{"id":1254,"date":"2017-11-16T05:50:06","date_gmt":"2017-11-16T04:50:06","guid":{"rendered":"https:\/\/renta-hv.net\/cms-2017\/?page_id=1254"},"modified":"2024-12-19T14:24:29","modified_gmt":"2024-12-19T13:24:29","slug":"mietertipps","status":"publish","type":"page","link":"https:\/\/renta-hv.net\/cms-2017\/mietertipps\/","title":{"rendered":"Mietertipps"},"content":{"rendered":"<\/div><\/div><\/div><!-- close content main div --><\/div><\/div><div id='full_slider_1' class='avia-fullwidth-slider main_color avia-shadow   container_wrap sidebar_right'   ><div  data-size='extra_large'  data-lightbox_size='large'  data-animation='fade'  data-ids='1184'  data-video_counter='0'  data-autoplay='false'  data-bg_slider='false'  data-slide_height=''  data-handle='av_slideshow_full'  data-interval='6'  data-class=' '  data-css_id=''  data-scroll_down=''  data-control_layout='av-control-minimal'  data-custom_markup=''  data-perma_caption=''  data-autoplay_stopper=''  data-image_attachment=''  data-min_height='0px'  data-src=''  data-position='top left'  data-repeat='no-repeat'  data-attach='scroll'  data-stretch=''  data-default-height='100'  class='avia-slideshow avia-slideshow-1  av-control-minimal av-default-height-applied avia-slideshow-extra_large av_slideshow_full   avia-fade-slider '  itemscope=\"itemscope\" itemtype=\"https:\/\/schema.org\/ImageObject\" ><ul class='avia-slideshow-inner' style='padding-bottom: 25.78125%;'><li  class=' av-single-slide slide-1 ' ><div data-rel='slideshow-1' class='avia-slide-wrap'  ><img src='https:\/\/renta-hv.net\/cms-2017\/wp-content\/uploads\/2017\/09\/renta_schild_band.jpg' width='768' height='198' title='renta_schild_band' alt=''  itemprop=\"thumbnailUrl\"   \/><\/div><\/li><\/ul><\/div><\/div>\n<\/div><\/div><\/div><!-- close content main div --><\/div><\/div><div id='av-layout-grid-1' class='av-layout-grid-container entry-content-wrapper main_color av-fixed-cells    container_wrap sidebar_right'   >\n<div class=\"flex_cell no_margin av_one_half   \" style='vertical-align:top; padding:9px 0px 0px 0px ; background-color:#9f2134; '><div class='flex_cell_inner' ><\/div><\/div><div class=\"flex_cell no_margin av_one_half   \" style='vertical-align:top; padding:9px 0px 0px 0px ; background-color:#9f2134; '><div class='flex_cell_inner' ><\/div><\/div>\n<\/div>\n<\/div><\/div><\/div><!-- close content main div --><\/div><\/div><div id='av_section_1' class='avia-section main_color avia-section-huge avia-no-border-styling avia-bg-style-scroll   container_wrap sidebar_right'   ><div class='container' ><div class='template-page content  av-content-small alpha units'><div class='post-entry post-entry-type-page post-entry-1254'><div class='entry-content-wrapper clearfix'>\n<div class='flex_column_table av-equal-height-column-flextable -flextable' style='margin-top:-200px; margin-bottom:0px; '><div class=\"flex_column av_two_third  flex_column_table_cell av-equal-height-column av-align-top first  \" style='padding:40px; background-color:#dddddd; border-radius:0; '><p><div style='padding-bottom:10px;color:#000000;font-size:25px;' class='av-special-heading av-special-heading-h2 custom-color-heading blockquote modern-quote   av-inherit-size '><h2 class='av-special-heading-tag '  itemprop=\"headline\"  >Mieter-Ratgeber<\/h2><div class='special-heading-border'><div class='special-heading-inner-border' style='border-color:#000000'><\/div><\/div><\/div><br \/>\n<div style='height:20px' class='hr hr-invisible  '><span class='hr-inner ' ><span class='hr-inner-style'><\/span><\/span><\/div><br \/>\n<section class=\"av_textblock_section \"  itemscope=\"itemscope\" itemtype=\"https:\/\/schema.org\/CreativeWork\" ><div class='avia_textblock  '   itemprop=\"text\" ><p class=\"art-postheader\"><span style=\"font-size: 16px;\">Stetig steigen die Kosten f\u00fcr Strom, W\u00e4rme und\u00a0Wasser, und die laufenden Nebenkosten belasten immer mehr das Portemonnaie. Dabei ist es recht einfach, unn\u00f6tige Kosten zu vermeiden, indem man sich einfach bewusster verh\u00e4lt. So betreibt man gleichzeitig Umweltschutz, ohne auf den gewohnten Komfort verzichten zu m\u00fcssen, und hat dar\u00fcber hinaus noch ein gutes Gewissen.<\/span><\/p>\n<div class=\"art-postcontent\">\n<div class=\"art-article\">\n<p>Nachfolgend haben wir\u00a0einige wertvolle Tipps aufgelistet, wie es mit ein paar ganz einfachen Tricks gelingt, sparsamer mit den Ressourcen umzugehen. Vielleicht ist auch f\u00fcr Sie der eine oder andere hilfreich und neu.<\/p>\n<\/div>\n<\/div>\n<\/div><\/section><br \/>\n<section class=\"av_textblock_section \"  itemscope=\"itemscope\" itemtype=\"https:\/\/schema.org\/CreativeWork\" ><div class='avia_textblock  '   itemprop=\"text\" ><div class=\"art-postcontent\">\n<div class=\"art-article\">\n<div class=\"moduletable\">\n<div class=\"newsflash\">\n<div><strong>Wichtiger Hinweis:<\/strong> Bitte verstehen Sie unsere Tipps nur als allgemeine richtungsweisende Empfehlungen zum verantwortungsvollen Umgang mit den Ressourcen. Diese Sammlung wurde nach bestem Wissen und Gewissen erstellt. Eine Garantie f\u00fcr den beschriebenen Effekt kann von uns dennoch nicht \u00fcbernommen werden.<\/div>\n<\/div>\n<\/div>\n<p>Viele hilfreiche Informationen rund ums Wohnen finden Sie aber auch in der Mieterfibel des Landes Brandenburg: <a href=\"https:\/\/renta-hv.net\/cms-2017\/wp-content\/uploads\/2020\/05\/Mietfiebel.pdf\">Mietfiebel<\/a>.<\/p>\n<\/div>\n<\/div>\n<\/div><\/section><\/p><\/div><\/div><!--close column table wrapper. Autoclose: 1 --><div class='flex_column_table av-equal-height-column-flextable -flextable' style='margin-top:-200px; margin-bottom:0px; '><div class='av-flex-placeholder'><\/div><div class=\"flex_column av_one_third  flex_column_table_cell av-equal-height-column av-align-top   \" style='padding:40px; background-color:#9f2134; border-radius:0px; '><p><div style='padding-bottom:10px;color:#ffffff;' class='av-special-heading av-special-heading-h4 custom-color-heading    '><h4 class='av-special-heading-tag '  itemprop=\"headline\"  >VERMIETUNGSAUSKUNFT<\/h4><div class='special-heading-border'><div class='special-heading-inner-border' style='border-color:#ffffff'><\/div><\/div><\/div><br \/>\n<section class=\"av_textblock_section \"  itemscope=\"itemscope\" itemtype=\"https:\/\/schema.org\/CreativeWork\" ><div class='avia_textblock  av_inherit_color '  style='color:#ffffff; '  itemprop=\"text\" ><p>Wohnung, Praxis, B\u00fcro oder Gewerbefl\u00e4chen gesucht?<br \/>\nDann rufen Sie uns unter der Telefonnummer<br \/>\n<strong>+49 3344 33599 &#8211; 33 <\/strong>an!<\/p>\n<\/div><\/section><br \/>\n<div style='padding-bottom:10px;color:#ffffff;' class='av-special-heading av-special-heading-h4 custom-color-heading    '><h4 class='av-special-heading-tag '  itemprop=\"headline\"  >Wir sind f\u00fcr Sie da<\/h4><div class='special-heading-border'><div class='special-heading-inner-border' style='border-color:#ffffff'><\/div><\/div><\/div><br \/>\n<section class=\"av_textblock_section \"  itemscope=\"itemscope\" itemtype=\"https:\/\/schema.org\/CreativeWork\" ><div class='avia_textblock  av_inherit_color '  style='color:#ffffff; '  itemprop=\"text\" ><p style=\"text-align: left;\">Bei Fragen oder W\u00fcnschen stehen wir Ihnen gern pers\u00f6nlich, telefonisch oder per E-Mail zur Verf\u00fcgung. Ihre Ansprechpartner sowie Kontaktdaten finden Sie in der <strong><a href=\"https:\/\/renta-hv.net\/cms-2017\/standorte\/\">Standort\u00fcbersicht<\/a><\/strong>.<\/p>\n<\/div><\/section><\/p><\/div><\/div><!--close column table wrapper. Autoclose: 1 --><\/div><\/div><\/div><!-- close content main div --><\/div><\/div><div id='after_section_1' class='main_color av_default_container_wrap container_wrap sidebar_right'   ><div class='container' ><div class='template-page content  av-content-small alpha units'><div class='post-entry post-entry-type-page post-entry-1254'><div class='entry-content-wrapper clearfix'>\n","protected":false},"excerpt":{"rendered":"","protected":false},"author":1,"featured_media":0,"parent":0,"menu_order":0,"comment_status":"closed","ping_status":"closed","template":"","meta":[],"_links":{"self":[{"href":"https:\/\/renta-hv.net\/cms-2017\/wp-json\/wp\/v2\/pages\/1254"}],"collection":[{"href":"https:\/\/renta-hv.net\/cms-2017\/wp-json\/wp\/v2\/pages"}],"about":[{"href":"https:\/\/renta-hv.net\/cms-2017\/wp-json\/wp\/v2\/types\/page"}],"author":[{"embeddable":true,"href":"https:\/\/renta-hv.net\/cms-2017\/wp-json\/wp\/v2\/users\/1"}],"replies":[{"embeddable":true,"href":"https:\/\/renta-hv.net\/cms-2017\/wp-json\/wp\/v2\/comments?post=1254"}],"version-history":[{"count":10,"href":"https:\/\/renta-hv.net\/cms-2017\/wp-json\/wp\/v2\/pages\/1254\/revisions"}],"predecessor-version":[{"id":1257,"href":"https:\/\/renta-hv.net\/cms-2017\/wp-json\/wp\/v2\/pages\/1254\/revisions\/1257"}],"wp:attachment":[{"href":"https:\/\/renta-hv.net\/cms-2017\/wp-json\/wp\/v2\/media?parent=1254"}],"curies":[{"name":"wp","href":"https:\/\/api.w.org\/{rel}","templated":true}]}}