{"id":1249,"date":"2017-11-16T05:46:03","date_gmt":"2017-11-16T04:46:03","guid":{"rendered":"https:\/\/renta-hv.net\/cms-2017\/?page_id=1249"},"modified":"2021-07-20T15:02:36","modified_gmt":"2021-07-20T13:02:36","slug":"wohnungsbewerbung","status":"publish","type":"page","link":"https:\/\/renta-hv.net\/cms-2017\/wohnungsbewerbung\/","title":{"rendered":"Wohnungsbewerbung"},"content":{"rendered":"<\/div><\/div><\/div><!-- close content main div --><\/div><\/div><div id='full_slider_1' class='avia-fullwidth-slider main_color avia-shadow   container_wrap sidebar_right'   ><div  data-size='extra_large'  data-lightbox_size='large'  data-animation='fade'  data-ids='1250'  data-video_counter='0'  data-autoplay='false'  data-bg_slider='false'  data-slide_height=''  data-handle='av_slideshow_full'  data-interval='6'  data-class=' '  data-css_id=''  data-scroll_down=''  data-control_layout='av-control-minimal'  data-custom_markup=''  data-perma_caption=''  data-autoplay_stopper=''  data-image_attachment=''  data-min_height='0px'  data-src=''  data-position='top left'  data-repeat='no-repeat'  data-attach='scroll'  data-stretch=''  data-default-height='100'  class='avia-slideshow avia-slideshow-1  av-control-minimal av-default-height-applied avia-slideshow-extra_large av_slideshow_full   avia-fade-slider '  itemscope=\"itemscope\" itemtype=\"https:\/\/schema.org\/ImageObject\" ><ul class='avia-slideshow-inner' style='padding-bottom: 25.9493670886%;'><li  class=' av-single-slide slide-1 ' ><div data-rel='slideshow-1' class='avia-slide-wrap'  ><img src='https:\/\/renta-hv.net\/cms-2017\/wp-content\/uploads\/2017\/11\/head_wriezen_auto.jpg' width='790' height='205' title='head_wriezen_auto' alt=''  itemprop=\"thumbnailUrl\"   \/><\/div><\/li><\/ul><\/div><\/div>\n<\/div><\/div><\/div><!-- close content main div --><\/div><\/div><div id='av-layout-grid-1' class='av-layout-grid-container entry-content-wrapper main_color av-fixed-cells    container_wrap sidebar_right'   >\n<div class=\"flex_cell no_margin av_one_half   \" style='vertical-align:top; padding:9px 0px 0px 0px ; background-color:#9f2134; '><div class='flex_cell_inner' ><\/div><\/div><div class=\"flex_cell no_margin av_one_half   \" style='vertical-align:top; padding:9px 0px 0px 0px ; background-color:#9f2134; '><div class='flex_cell_inner' ><\/div><\/div>\n<\/div>\n<\/div><\/div><\/div><!-- close content main div --><\/div><\/div><div id='av_section_1' class='avia-section main_color avia-section-huge avia-no-border-styling avia-bg-style-scroll   container_wrap sidebar_right'   ><div class='container' ><div class='template-page content  av-content-small alpha units'><div class='post-entry post-entry-type-page post-entry-1249'><div class='entry-content-wrapper clearfix'>\n<div class='flex_column_table av-equal-height-column-flextable -flextable' style='margin-top:-200px; margin-bottom:0px; '><div class=\"flex_column av_two_third  flex_column_table_cell av-equal-height-column av-align-top first  \" style='padding:40px; background-color:#dddddd; border-radius:0; '><p><div style='padding-bottom:10px;color:#000000;font-size:25px;' class='av-special-heading av-special-heading-h2 custom-color-heading blockquote modern-quote   av-inherit-size '><h2 class='av-special-heading-tag '  itemprop=\"headline\"  >Sie haben eine passende Wohnung in unserem Angebot gefunden?<\/h2><div class='special-heading-border'><div class='special-heading-inner-border' style='border-color:#000000'><\/div><\/div><\/div><br \/>\n<div style='height:20px' class='hr hr-invisible  '><span class='hr-inner ' ><span class='hr-inner-style'><\/span><\/span><\/div><br \/>\n<section class=\"av_textblock_section \"  itemscope=\"itemscope\" itemtype=\"https:\/\/schema.org\/CreativeWork\" ><div class='avia_textblock  '   itemprop=\"text\" ><div class=\"art-postheadericons art-metadata-icons\"><\/div>\n<div class=\"art-postcontent\">\n<div class=\"art-article\">\n<p>Sch\u00f6n! Dann sollten Sie sich umgehend bei uns f\u00fcr diese Wohnung bewerben. Wir ben\u00f6tigen hierf\u00fcr von Ihnen die folgenden Unterlagen:<\/p>\n<ul>\n<li>Einkommensnachweise der letzten 3 Monate<\/li>\n<li>Mietschuldenfreiheitserkl\u00e4rung (<a href=\"http:\/\/www.renta-hv.net\/hv\/cms\/images\/pdf\/2_20130114_Mietschuldenfreiheitserklrung.pdf\" target=\"_blank\" rel=\"noopener\">Musterformular<\/a>)<\/li>\n<li>Mieterselbstauskunft (Das Formular wird Ihnen zur Wohnungsbesichtigung von uns \u00fcbergeben). Gerne k\u00f6nnen Sie es aber auch in unserer Hausverwaltung abholen oder sich zusenden lassen.<\/li>\n<li>Von Empf\u00e4ngern von ALG II ben\u00f6tigen wir eine schriftliche Zustimmung des zust\u00e4ndigen JobCenters.<\/li>\n<\/ul>\n<p>Die ausgef\u00fcllten Formulare senden Sie bitte an <a title=\"zur \u00dcbersicht der Standorte der RENTA AG Hausverwaltung\" href=\"https:\/\/renta-hv.net\/cms-2017\/standorte\/\">das zust\u00e4ndige B\u00fcro der RENTA Hausverwaltung<\/a>. Dort beantworten wir auch gern Ihre Fragen.<\/p>\n<\/div>\n<\/div>\n<\/div><\/section><\/p><\/div><\/div><!--close column table wrapper. Autoclose: 1 --><div class='flex_column_table av-equal-height-column-flextable -flextable' style='margin-top:-200px; margin-bottom:0px; '><div class='av-flex-placeholder'><\/div><div class=\"flex_column av_one_third  flex_column_table_cell av-equal-height-column av-align-top   \" style='padding:40px; background-color:#9f2134; border-radius:0px; '><p><div style='padding-bottom:10px;color:#ffffff;' class='av-special-heading av-special-heading-h4 custom-color-heading   '><h4 class='av-special-heading-tag '  itemprop=\"headline\"  >VERMIETUNGSAUSKUNFT<\/h4><div class='special-heading-border'><div class='special-heading-inner-border' style='border-color:#ffffff'><\/div><\/div><\/div><br \/>\n<section class=\"av_textblock_section \"  itemscope=\"itemscope\" itemtype=\"https:\/\/schema.org\/CreativeWork\" ><div class='avia_textblock  av_inherit_color '  style='color:#ffffff; '  itemprop=\"text\" ><p>Wohnung, Praxis, B\u00fcro oder Gewerbefl\u00e4chen gesucht?<br \/>\nDann rufen Sie uns unter der Telefonnummer<br \/>\n<strong>+49 3344 33599 &#8211; 33 <\/strong>an!<\/p>\n<\/div><\/section><br \/>\n<div style='padding-bottom:10px;color:#ffffff;' class='av-special-heading av-special-heading-h4 custom-color-heading    '><h4 class='av-special-heading-tag '  itemprop=\"headline\"  >Wir sind f\u00fcr Sie da<\/h4><div class='special-heading-border'><div class='special-heading-inner-border' style='border-color:#ffffff'><\/div><\/div><\/div><br \/>\n<section class=\"av_textblock_section \"  itemscope=\"itemscope\" itemtype=\"https:\/\/schema.org\/CreativeWork\" ><div class='avia_textblock  av_inherit_color '  style='color:#ffffff; '  itemprop=\"text\" ><p style=\"text-align: left;\">Bei Fragen oder W\u00fcnschen stehen wir Ihnen gern pers\u00f6nlich, telefonisch oder per E-Mail zur Verf\u00fcgung. Ihre Ansprechpartner sowie Kontaktdaten finden Sie in der <strong><a href=\"https:\/\/renta-hv.net\/cms-2017\/standorte\/\">Standort\u00fcbersicht<\/a><\/strong>.<\/p>\n<\/div><\/section><\/p><\/div><\/div><!--close column table wrapper. Autoclose: 1 --><\/div><\/div><\/div><!-- close content main div --><\/div><\/div><div id='after_section_1' class='main_color av_default_container_wrap container_wrap sidebar_right'   ><div class='container' ><div class='template-page content  av-content-small alpha units'><div class='post-entry post-entry-type-page post-entry-1249'><div class='entry-content-wrapper clearfix'>\n","protected":false},"excerpt":{"rendered":"","protected":false},"author":1,"featured_media":0,"parent":0,"menu_order":0,"comment_status":"closed","ping_status":"closed","template":"","meta":[],"_links":{"self":[{"href":"https:\/\/renta-hv.net\/cms-2017\/wp-json\/wp\/v2\/pages\/1249"}],"collection":[{"href":"https:\/\/renta-hv.net\/cms-2017\/wp-json\/wp\/v2\/pages"}],"about":[{"href":"https:\/\/renta-hv.net\/cms-2017\/wp-json\/wp\/v2\/types\/page"}],"author":[{"embeddable":true,"href":"https:\/\/renta-hv.net\/cms-2017\/wp-json\/wp\/v2\/users\/1"}],"replies":[{"embeddable":true,"href":"https:\/\/renta-hv.net\/cms-2017\/wp-json\/wp\/v2\/comments?post=1249"}],"version-history":[{"count":10,"href":"https:\/\/renta-hv.net\/cms-2017\/wp-json\/wp\/v2\/pages\/1249\/revisions"}],"predecessor-version":[{"id":1600,"href":"https:\/\/renta-hv.net\/cms-2017\/wp-json\/wp\/v2\/pages\/1249\/revisions\/1600"}],"wp:attachment":[{"href":"https:\/\/renta-hv.net\/cms-2017\/wp-json\/wp\/v2\/media?parent=1249"}],"curies":[{"name":"wp","href":"https:\/\/api.w.org\/{rel}","templated":true}]}}