{"id":1239,"date":"2017-11-16T05:36:43","date_gmt":"2017-11-16T04:36:43","guid":{"rendered":"https:\/\/renta-hv.net\/cms-2017\/?page_id=1239"},"modified":"2021-07-20T15:01:26","modified_gmt":"2021-07-20T13:01:26","slug":"wohnungswechsel","status":"publish","type":"page","link":"https:\/\/renta-hv.net\/cms-2017\/wohnungswechsel\/","title":{"rendered":"Wohnungswechsel"},"content":{"rendered":"<\/div><\/div><\/div><!-- close content main div --><\/div><\/div><div id='full_slider_1' class='avia-fullwidth-slider main_color avia-shadow   container_wrap sidebar_right'   ><div  data-size='extra_large'  data-lightbox_size='large'  data-animation='fade'  data-ids='1184'  data-video_counter='0'  data-autoplay='false'  data-bg_slider='false'  data-slide_height=''  data-handle='av_slideshow_full'  data-interval='6'  data-class=' '  data-css_id=''  data-scroll_down=''  data-control_layout='av-control-minimal'  data-custom_markup=''  data-perma_caption=''  data-autoplay_stopper=''  data-image_attachment=''  data-min_height='0px'  data-src=''  data-position='top left'  data-repeat='no-repeat'  data-attach='scroll'  data-stretch=''  data-default-height='100'  class='avia-slideshow avia-slideshow-1  av-control-minimal av-default-height-applied avia-slideshow-extra_large av_slideshow_full   avia-fade-slider '  itemscope=\"itemscope\" itemtype=\"https:\/\/schema.org\/ImageObject\" ><ul class='avia-slideshow-inner' style='padding-bottom: 25.78125%;'><li  class=' av-single-slide slide-1 ' ><div data-rel='slideshow-1' class='avia-slide-wrap'  ><img src='https:\/\/renta-hv.net\/cms-2017\/wp-content\/uploads\/2017\/09\/renta_schild_band.jpg' width='768' height='198' title='renta_schild_band' alt=''  itemprop=\"thumbnailUrl\"   \/><\/div><\/li><\/ul><\/div><\/div>\n<\/div><\/div><\/div><!-- close content main div --><\/div><\/div><div id='av-layout-grid-1' class='av-layout-grid-container entry-content-wrapper main_color av-fixed-cells    container_wrap sidebar_right'   >\n<div class=\"flex_cell no_margin av_one_half   \" style='vertical-align:top; padding:9px 0px 0px 0px ; background-color:#9f2134; '><div class='flex_cell_inner' ><\/div><\/div><div class=\"flex_cell no_margin av_one_half   \" style='vertical-align:top; padding:9px 0px 0px 0px ; background-color:#9f2134; '><div class='flex_cell_inner' ><\/div><\/div>\n<\/div>\n<\/div><\/div><\/div><!-- close content main div --><\/div><\/div><div id='av_section_1' class='avia-section main_color avia-section-huge avia-no-border-styling avia-bg-style-scroll   container_wrap sidebar_right'   ><div class='container' ><div class='template-page content  av-content-small alpha units'><div class='post-entry post-entry-type-page post-entry-1239'><div class='entry-content-wrapper clearfix'>\n<div class='flex_column_table av-equal-height-column-flextable -flextable' style='margin-top:-200px; margin-bottom:0px; '><div class=\"flex_column av_two_third  flex_column_table_cell av-equal-height-column av-align-top first  \" style='padding:40px; background-color:#dddddd; border-radius:0; '><p><div style='padding-bottom:10px;color:#000000;font-size:25px;' class='av-special-heading av-special-heading-h2 custom-color-heading blockquote modern-quote   av-inherit-size '><h2 class='av-special-heading-tag '  itemprop=\"headline\"  >Nichts vergessen beim Wohnungswechsel<\/h2><div class='special-heading-border'><div class='special-heading-inner-border' style='border-color:#000000'><\/div><\/div><\/div><br \/>\n<div style='height:20px' class='hr hr-invisible  '><span class='hr-inner ' ><span class='hr-inner-style'><\/span><\/span><\/div><br \/>\n<section class=\"av_textblock_section \"  itemscope=\"itemscope\" itemtype=\"https:\/\/schema.org\/CreativeWork\" ><div class='avia_textblock  '   itemprop=\"text\" ><p>Bevor Sie bei uns einziehen, sollten Sie an einige wichtige Dinge denken:<\/p>\n<div class=\"art-postcontent\">\n<div class=\"art-article\">\n<ul>\n<li>Ist mit Ihrem fr\u00fcheren Vermieter nichts anderes vereinbart, gilt f\u00fcr Ihre alte Wohnung normalerweise eine <strong>K\u00fcndigungsfrist<\/strong> von 3 Monaten.<\/li>\n<li>F\u00fcr die <strong>Besichtigung<\/strong> und sp\u00e4ter auch die <strong>Wohnungs\u00fcbergabe<\/strong> muss mit der Haus\u00adverwaltung ein Termin abgespro\u00adchen werden. Das geht am einfachsten telefonisch: <a title=\"zur \u00dcbersicht der Standorte der RENTA AG Hausverwaltung\" href=\"https:\/\/renta-hv.net\/cms-2017\/kontakt\/\">Kontaktdaten<\/a>.<\/li>\n<li>Sobald Sie Ihre <strong>neue Adresse<\/strong> kennen, informieren Sie nicht nur Bekannte, sondern auch Beh\u00f6rden, Versicherungen und Dienstleister, mit denen Sie in regelm\u00e4\u00dfigem Kontakt stehen. Auch Um-\/Abmeldungen z.B. f\u00fcr Telefonanschluss oder Strom- und Gasversorger d\u00fcrfen nicht vergessen werden.<\/li>\n<\/ul>\n<p>Eine \u00dcbersicht finden Sie in unserer <a href=\"http:\/\/www.renta-hv.net\/hv\/cms\/mieter\/wohnungswechsel\/82-mieter\/119-checkliste-ummelden2.html\">Checkliste zum Ummelden<\/a>.<\/p>\n<ul>\n<li>Es ist zu empfehlen, einen <strong>Nachsendeauftrag<\/strong> bei der Post zu stellen, der dann f\u00fcr sechs Monate g\u00fcltig ist. Bei Bedarf k\u00f6nnen Sie diesen Auftrag verl\u00e4ngern.<br \/>\nWICHTIG: Es wird nur Ihre Post an die neue Adresse zugestellt. Der Absender wird \u00fcber Ihren Umzug nicht informiert.<\/li>\n<li>Sp\u00e4testens eine Woche nach Ihrem Umzug m\u00fcssen Sie das zust\u00e4ndige <strong>Einwohnermeldeamt<\/strong> aufsuchen und die neue Adresse mitteilen. Das geht leider nur pers\u00f6nlich zu den jeweiligen \u00d6ffnungszeiten. Personalausweis bitte nicht vergessen.<\/li>\n<\/ul>\n<\/div>\n<\/div>\n<\/div><\/section><\/p><\/div><\/div><!--close column table wrapper. Autoclose: 1 --><div class='flex_column_table av-equal-height-column-flextable -flextable' style='margin-top:-200px; margin-bottom:0px; '><div class='av-flex-placeholder'><\/div><div class=\"flex_column av_one_third  flex_column_table_cell av-equal-height-column av-align-top   \" style='padding:40px; background-color:#9f2134; border-radius:0px; '><p><div style='padding-bottom:10px;color:#ffffff;' class='av-special-heading av-special-heading-h4 custom-color-heading    '><h4 class='av-special-heading-tag '  itemprop=\"headline\"  >VERMIETUNGS-DATENBANK<\/h4><div class='special-heading-border'><div class='special-heading-inner-border' style='border-color:#ffffff'><\/div><\/div><\/div><br \/>\n<section class=\"av_textblock_section \"  itemscope=\"itemscope\" itemtype=\"https:\/\/schema.org\/CreativeWork\" ><div class='avia_textblock  av_inherit_color '  style='color:#ffffff; '  itemprop=\"text\" ><p>Wohnung, Praxis, B\u00fcro oder Gewerbefl\u00e4chen gesucht?<br \/>\nDann rufen Sie uns unter der Telefonnummer<br \/>\n<strong>+49 3344 33599 &#8211; 33 <\/strong>an!<\/p>\n<\/div><\/section><br \/>\n<div style='padding-bottom:10px;color:#ffffff;' class='av-special-heading av-special-heading-h4 custom-color-heading    '><h4 class='av-special-heading-tag '  itemprop=\"headline\"  >Tipp<\/h4><div class='special-heading-border'><div class='special-heading-inner-border' style='border-color:#ffffff'><\/div><\/div><\/div><br \/>\n<section class=\"av_textblock_section \"  itemscope=\"itemscope\" itemtype=\"https:\/\/schema.org\/CreativeWork\" ><div class='avia_textblock  av_inherit_color '  style='color:#ffffff; '  itemprop=\"text\" ><p style=\"text-align: left;\">Auf der Website der Deutschen Post AG k\u00f6nnen Sie Adresse, Kontaktdaten und \u00d6ffnungszeiten Ihres neuen Einwohnermeldeamts nach PLZ suchen: <a href=\"http:\/\/www.umziehen.de\/einwohnermeldeamt\/\">www.umziehen.de\/ einwohnermeldeamt\/<\/a><\/p>\n<\/div><\/section><br \/>\n<div style='padding-bottom:10px;color:#ffffff;' class='av-special-heading av-special-heading-h4 custom-color-heading    '><h4 class='av-special-heading-tag '  itemprop=\"headline\"  >Wir sind f\u00fcr Sie da<\/h4><div class='special-heading-border'><div class='special-heading-inner-border' style='border-color:#ffffff'><\/div><\/div><\/div><br \/>\n<section class=\"av_textblock_section \"  itemscope=\"itemscope\" itemtype=\"https:\/\/schema.org\/CreativeWork\" ><div class='avia_textblock  av_inherit_color '  style='color:#ffffff; '  itemprop=\"text\" ><p style=\"text-align: left;\">Bei Fragen oder W\u00fcnschen stehen wir Ihnen gern pers\u00f6nlich, telefonisch oder per E-Mail zur Verf\u00fcgung. Ihre Ansprechpartner sowie Kontaktdaten finden Sie in der <strong><a href=\"https:\/\/renta-hv.net\/cms-2017\/standorte\/\">Standort\u00fcbersicht<\/a><\/strong>.<\/p>\n<\/div><\/section><\/p><\/div><\/div><!--close column table wrapper. Autoclose: 1 --><\/div><\/div><\/div><!-- close content main div --><\/div><\/div><div id='after_section_1' class='main_color av_default_container_wrap container_wrap sidebar_right'   ><div class='container' ><div class='template-page content  av-content-small alpha units'><div class='post-entry post-entry-type-page post-entry-1239'><div class='entry-content-wrapper clearfix'>\n","protected":false},"excerpt":{"rendered":"","protected":false},"author":1,"featured_media":0,"parent":0,"menu_order":0,"comment_status":"closed","ping_status":"closed","template":"","meta":[],"_links":{"self":[{"href":"https:\/\/renta-hv.net\/cms-2017\/wp-json\/wp\/v2\/pages\/1239"}],"collection":[{"href":"https:\/\/renta-hv.net\/cms-2017\/wp-json\/wp\/v2\/pages"}],"about":[{"href":"https:\/\/renta-hv.net\/cms-2017\/wp-json\/wp\/v2\/types\/page"}],"author":[{"embeddable":true,"href":"https:\/\/renta-hv.net\/cms-2017\/wp-json\/wp\/v2\/users\/1"}],"replies":[{"embeddable":true,"href":"https:\/\/renta-hv.net\/cms-2017\/wp-json\/wp\/v2\/comments?post=1239"}],"version-history":[{"count":9,"href":"https:\/\/renta-hv.net\/cms-2017\/wp-json\/wp\/v2\/pages\/1239\/revisions"}],"predecessor-version":[{"id":1599,"href":"https:\/\/renta-hv.net\/cms-2017\/wp-json\/wp\/v2\/pages\/1239\/revisions\/1599"}],"wp:attachment":[{"href":"https:\/\/renta-hv.net\/cms-2017\/wp-json\/wp\/v2\/media?parent=1239"}],"curies":[{"name":"wp","href":"https:\/\/api.w.org\/{rel}","templated":true}]}}