{"id":1183,"date":"2017-09-14T13:25:22","date_gmt":"2017-09-14T11:25:22","guid":{"rendered":"https:\/\/renta-hv.net\/cms-2017\/?page_id=1183"},"modified":"2021-07-20T15:16:53","modified_gmt":"2021-07-20T13:16:53","slug":"unternehmen","status":"publish","type":"page","link":"https:\/\/renta-hv.net\/cms-2017\/unternehmen\/","title":{"rendered":"Unternehmen"},"content":{"rendered":"<\/div><\/div><\/div><!-- close content main div --><\/div><\/div><div id='full_slider_1' class='avia-fullwidth-slider main_color avia-shadow   container_wrap sidebar_right'   ><div  data-size='extra_large'  data-lightbox_size='large'  data-animation='fade'  data-ids='1184'  data-video_counter='0'  data-autoplay='false'  data-bg_slider='false'  data-slide_height=''  data-handle='av_slideshow_full'  data-interval='6'  data-class=' '  data-css_id=''  data-scroll_down=''  data-control_layout='av-control-minimal'  data-custom_markup=''  data-perma_caption=''  data-autoplay_stopper=''  data-image_attachment=''  data-min_height='0px'  data-src=''  data-position='top left'  data-repeat='no-repeat'  data-attach='scroll'  data-stretch=''  data-default-height='100'  class='avia-slideshow avia-slideshow-1  av-control-minimal av-default-height-applied avia-slideshow-extra_large av_slideshow_full   avia-fade-slider '  itemscope=\"itemscope\" itemtype=\"https:\/\/schema.org\/ImageObject\" ><ul class='avia-slideshow-inner' style='padding-bottom: 25.78125%;'><li  class=' av-single-slide slide-1 ' ><div data-rel='slideshow-1' class='avia-slide-wrap'  ><div class = \"caption_fullwidth av-slideshow-caption caption_center\"><div class = \"container caption_container\"><div class = \"slideshow_caption\"><div class = \"slideshow_inner_caption\"><div class = \"slideshow_align_caption\"><h2  style='font-size:44px; color:#9f2134; ' class='avia-caption-title '  itemprop=\"name\" >RENTA Hausverwaltung<\/h2><div class='avia-caption-content  av_inherit_color'  itemprop=\"description\"   style='font-size:20px; color:#0a0a0a; '><p>&#8211; Ihr zuverl\u00e4ssiger Immobilienpartner<\/p>\n<\/div><\/div><\/div><\/div><\/div><\/div><img src='https:\/\/renta-hv.net\/cms-2017\/wp-content\/uploads\/2017\/09\/renta_schild_band.jpg' width='768' height='198' title='renta_schild_band' alt=''  itemprop=\"thumbnailUrl\"   \/><div class='av-section-color-overlay' style='opacity: 0.4; background-color: #ffffff; '><\/div><\/div><\/li><\/ul><\/div><\/div>\n<\/div><\/div><\/div><!-- close content main div --><\/div><\/div><div id='av-layout-grid-1' class='av-layout-grid-container entry-content-wrapper main_color av-fixed-cells    container_wrap sidebar_right'   >\n<div class=\"flex_cell no_margin av_one_half   \" style='vertical-align:top; padding:9px 0px 0px 0px ; background-color:#9f2134; '><div class='flex_cell_inner' ><\/div><\/div><div class=\"flex_cell no_margin av_one_half   \" style='vertical-align:top; padding:9px 0px 0px 0px ; background-color:#9f2134; '><div class='flex_cell_inner' ><\/div><\/div>\n<\/div>\n<\/div><\/div><\/div><!-- close content main div --><\/div><\/div><div id='av_section_1' class='avia-section main_color avia-section-huge avia-no-border-styling avia-bg-style-scroll   container_wrap sidebar_right'   ><div class='container' ><div class='template-page content  av-content-small alpha units'><div class='post-entry post-entry-type-page post-entry-1183'><div class='entry-content-wrapper clearfix'>\n<div class='flex_column_table av-equal-height-column-flextable -flextable' style='margin-top:-200px; margin-bottom:0px; '><div class=\"flex_column av_two_third  flex_column_table_cell av-equal-height-column av-align-top first  \" style='padding:40px; background-color:#d6d6d6; border-radius:0; '><p><div style='padding-bottom:10px;color:#000000;font-size:25px;' class='av-special-heading av-special-heading-h2 custom-color-heading blockquote modern-quote   av-inherit-size '><h2 class='av-special-heading-tag '  itemprop=\"headline\"  >RENTA &#8211; 100% IMMOBILILIENMANAGEMENT<\/h2><div class='special-heading-border'><div class='special-heading-inner-border' style='border-color:#000000'><\/div><\/div><\/div><br \/>\n<div style='height:20px' class='hr hr-invisible  '><span class='hr-inner ' ><span class='hr-inner-style'><\/span><\/span><\/div><br \/>\n<section class=\"av_textblock_section \"  itemscope=\"itemscope\" itemtype=\"https:\/\/schema.org\/CreativeWork\" ><div class='avia_textblock  '   itemprop=\"text\" ><p style=\"text-align: justify;\">Die RENTA\u00a0ist seit Anfang der 70er-Jahre als Projektentwickler und Bautr\u00e4ger in Berlin und Branden\u00adburg etabliert. Die Immobilienverwaltung z\u00e4hlt seit 1993 zum Leistungsbild der Gesellschaft. Seitdem betreuen wir in Berlin, Brandenburg, Nordrhein-Westfalen und Mecklenburg-Vorpommern <a href=\"https:\/\/renta-hv.net\/cms-2017\/mieter\/\">Mietsh\u00e4user<\/a> und <a href=\"https:\/\/renta-hv.net\/cms-2017\/gewerbeobjekte\/\">Ge\u00adwerbeobjekte<\/a> unterschied\u00adlichster Gr\u00f6\u00dfenordnungen.<\/p>\n<div class=\"art-postcontent\">\n<div class=\"art-article\">\n<p style=\"text-align: justify;\">Unsere Mitarbeiter verf\u00fcgen \u00fcber eine fundierte Berufsausbil\u00addung und sind durch langj\u00e4hrige Erfahrung sehr ver\u00adsiert mit allen Aufgaben, die f\u00fcr eine professionelle T\u00e4tigkeit einer Hausverwaltung unerl\u00e4sslich sind.<\/p>\n<p style=\"text-align: justify;\">Zusammen mit <a href=\"https:\/\/renta-hv.net\/cms-2017\/regionale-partner\/\">regionalen Partnerunternehmen<\/a> sind Reparaturen durch erfah\u00adrene Hausmeister und Handwerker\u00ad schnell und fachgerecht durchgef\u00fchrt.<\/p>\n<p style=\"text-align: justify;\"><span style=\"color: #000000;\">Sie k\u00f6nnen sich auf uns verlassen!<\/span><\/p>\n<p style=\"text-align: justify;\"><em>Ihr Team der RENTA\u00a0Hausverwaltung &#8211; ein Unternehmen der <a href=\"http:\/\/www.renta.de\" target=\"_blank\" rel=\"noopener\">RENTA-Gruppe<\/a><\/em><\/p>\n<p style=\"text-align: justify;\"><em>\u00a0<\/em><\/p>\n<p style=\"text-align: justify;\">Weitere Informationen:<\/p>\n<ul>\n<li style=\"text-align: justify;\">Unser Team ist regional organisiert: <a href=\"https:\/\/renta-hv.net\/cms-2017\/standorte\/\">Standorte<\/a><\/li>\n<li style=\"text-align: justify;\">Auswahl unserer <a href=\"https:\/\/renta-hv.net\/cms-2017\/referenzen\/\">Referenzobjekte<\/a><\/li>\n<\/ul>\n<\/div>\n<\/div>\n<\/div><\/section><\/p><\/div><\/div><!--close column table wrapper. Autoclose: 1 --><div class='flex_column_table av-equal-height-column-flextable -flextable' style='margin-top:-200px; margin-bottom:0px; '><div class='av-flex-placeholder'><\/div><div class=\"flex_column av_one_third  flex_column_table_cell av-equal-height-column av-align-top   \" style='padding:40px; background-color:#9f2134; border-radius:0px; '><p><div style='padding-bottom:10px;color:#ffffff;' class='av-special-heading av-special-heading-h4 custom-color-heading blockquote modern-quote modern-centered   '><h4 class='av-special-heading-tag '  itemprop=\"headline\"  >VERWALTUNGSANFRAGEN<\/h4><div class='special-heading-border'><div class='special-heading-inner-border' style='border-color:#ffffff'><\/div><\/div><\/div><br \/>\n<div style='height:20px' class='hr hr-invisible  '><span class='hr-inner ' ><span class='hr-inner-style'><\/span><\/span><\/div><br \/>\n<section class=\"av_textblock_section \"  itemscope=\"itemscope\" itemtype=\"https:\/\/schema.org\/CreativeWork\" ><div class='avia_textblock  av_inherit_color '  style='color:#ffffff; '  itemprop=\"text\" ><p style=\"text-align: center;\">Eigent\u00fcmer richten sich mit ihrer Verwalteranfrage bitte direkt an die Leitung der Hausverwaltung in Bad Freienwalde:<\/p>\n<p style=\"text-align: center;\">Tel.: +49 3344 33599 &#8211; 00<br \/>\n<a href=\"hv@renta.de\">hv@renta.de<\/a><\/p>\n<\/div><\/section><\/p><\/div><\/div><!--close column table wrapper. Autoclose: 1 --><\/div><\/div><\/div><!-- close content main div --><\/div><\/div><div id='after_section_1' class='main_color av_default_container_wrap container_wrap sidebar_right'   ><div class='container' ><div class='template-page content  av-content-small alpha units'><div class='post-entry post-entry-type-page post-entry-1183'><div class='entry-content-wrapper clearfix'>\n","protected":false},"excerpt":{"rendered":"","protected":false},"author":1,"featured_media":0,"parent":0,"menu_order":0,"comment_status":"closed","ping_status":"closed","template":"","meta":[],"_links":{"self":[{"href":"https:\/\/renta-hv.net\/cms-2017\/wp-json\/wp\/v2\/pages\/1183"}],"collection":[{"href":"https:\/\/renta-hv.net\/cms-2017\/wp-json\/wp\/v2\/pages"}],"about":[{"href":"https:\/\/renta-hv.net\/cms-2017\/wp-json\/wp\/v2\/types\/page"}],"author":[{"embeddable":true,"href":"https:\/\/renta-hv.net\/cms-2017\/wp-json\/wp\/v2\/users\/1"}],"replies":[{"embeddable":true,"href":"https:\/\/renta-hv.net\/cms-2017\/wp-json\/wp\/v2\/comments?post=1183"}],"version-history":[{"count":10,"href":"https:\/\/renta-hv.net\/cms-2017\/wp-json\/wp\/v2\/pages\/1183\/revisions"}],"predecessor-version":[{"id":1610,"href":"https:\/\/renta-hv.net\/cms-2017\/wp-json\/wp\/v2\/pages\/1183\/revisions\/1610"}],"wp:attachment":[{"href":"https:\/\/renta-hv.net\/cms-2017\/wp-json\/wp\/v2\/media?parent=1183"}],"curies":[{"name":"wp","href":"https:\/\/api.w.org\/{rel}","templated":true}]}}